{"id":117,"date":"2017-06-13T10:49:46","date_gmt":"2017-06-13T08:49:46","guid":{"rendered":"http:\/\/ceraaalet.nulien.net\/?page_id=117"},"modified":"2018-05-26T16:26:57","modified_gmt":"2018-05-26T14:26:57","slug":"les-travaux-du-laboratoire-danthropologie-de-luniversite-rennes-1","status":"publish","type":"page","link":"https:\/\/ceraaalet.fr\/en\/publications\/les-travaux-du-laboratoire-danthropologie-de-luniversite-rennes-1\/","title":{"rendered":"Les Travaux du Laboratoire d\u2019Anthropologie de l\u2019Universit\u00e9 Rennes 1"},"content":{"rendered":"<h2 style=\"text-align: center;\">Les Travaux du Laboratoire d\u2019Anthropologie<\/h2>\n<h2 style=\"text-align: center;\">de l\u2019Universit\u00e9 Rennes 1<\/h2>\n<p class=\"alinea\">Par suite de la disparition du P\u00f4le \u00c9ditorial d\u2019Arch\u00e9ologie de l\u2019Ouest qui existait \u00e0 l\u2019Universit\u00e9 Rennes I jusqu\u2019en d\u00e9cembre 2006, le Ce.R.A.A. diffuse maintenant, en exclusivit\u00e9 les volumes disponibles.<\/p>\n<p>&nbsp;<\/p>\n<p class=\"gras-centre\">Volumes disponibles<\/p>\n<p class=\"italique-centre\">(prix franco de port)<\/p>\n<p>&nbsp;<\/p>\n<ul>\n<li class=\"gras\">Arch\u00e9ologie du Paysage agraire<\/li>\n<\/ul>\n<p>(P.-R. Giot et al.),<span class=\"italique\"> 1982, n\u00b032, 78 p. 12 \u20ac<\/span><\/p>\n<p>&nbsp;<\/p>\n<ul>\n<li class=\"gras\">Pal\u00e9om\u00e9tallurgie de la France Atlantique<\/li>\n<\/ul>\n<p>(Collectif), 1985,<span class=\"italique\"> n\u00b035, 189 p. 18 \u20ac<\/span><\/p>\n<p>&nbsp;<\/p>\n<ul>\n<li class=\"gras\">Un habitat protohistorique : le Moulin de la Rive en Locquirec (29)<\/li>\n<\/ul>\n<p>(P.-R. Giot et M.-Y. Daire), <span class=\"italique\">1986 , n\u00b036. 16 \u20ac<\/span><\/p>\n<p>&nbsp;<\/p>\n<ul>\n<li class=\"gras\">Barnenez, Carn, Guennoc<\/li>\n<\/ul>\n<p>(P.-R. Giot), <span class=\"italique\">1986, n\u00b037, 153 p. 35 \u20ac<\/span><\/p>\n<p>&nbsp;<\/p>\n<ul>\n<li class=\"gras\">Arch\u00e9ologie et peuplement dans le Tr\u00e9gor occidental<\/li>\n<\/ul>\n<p>(J.-Y. Tinevez), <span class=\"italique\">1988, n\u00b038, 105 p. 13 \u20ac<\/span><\/p>\n<p>&nbsp;<\/p>\n<ul>\n<li class=\"gras\">Les c\u00e9ramiques armoricaines de la fin de l\u2019\u00c2ge du Fer<\/li>\n<\/ul>\n<p>(M.-Y. Daire), <span class=\"italique\">1992, n\u00b039, 313 p. 26 \u20ac<\/span><\/p>\n<p>&nbsp;<\/p>\n<ul>\n<li class=\"gras\">P\u00e9tro-arch\u00e9ologie des c\u00e9ramiques armoricaines<\/li>\n<\/ul>\n<p>(H. Morzadec), <span class=\"italique\">1995, n\u00b041, 206 p. 27 \u20ac<\/span><\/p>\n<p>&nbsp;<\/p>\n<ul>\n<li class=\"gras\">N\u00e9olithique, \u00c2ge du Bronze et pal\u00e9oenvironnement en Bretagne centrale ; le Pays Pourlet<\/li>\n<\/ul>\n<p>(J. Briard et al.), <span class=\"italique\">1999, n\u00b042, 100 p. 15 \u20ac<\/span><\/p>","protected":false},"excerpt":{"rendered":"Les Travaux du Laboratoire d\u2019Anthropologie de l\u2019Universit\u00e9 Rennes [&hellip;]","protected":false},"author":2,"featured_media":0,"parent":74,"menu_order":0,"comment_status":"closed","ping_status":"closed","template":"","meta":{"footnotes":""},"class_list":["post-117","page","type-page","status-publish","hentry"],"brizy_media":[],"_links":{"self":[{"href":"https:\/\/ceraaalet.fr\/en\/wp-json\/wp\/v2\/pages\/117","targetHints":{"allow":["GET"]}}],"collection":[{"href":"https:\/\/ceraaalet.fr\/en\/wp-json\/wp\/v2\/pages"}],"about":[{"href":"https:\/\/ceraaalet.fr\/en\/wp-json\/wp\/v2\/types\/page"}],"author":[{"embeddable":true,"href":"https:\/\/ceraaalet.fr\/en\/wp-json\/wp\/v2\/users\/2"}],"replies":[{"embeddable":true,"href":"https:\/\/ceraaalet.fr\/en\/wp-json\/wp\/v2\/comments?post=117"}],"version-history":[{"count":3,"href":"https:\/\/ceraaalet.fr\/en\/wp-json\/wp\/v2\/pages\/117\/revisions"}],"predecessor-version":[{"id":318,"href":"https:\/\/ceraaalet.fr\/en\/wp-json\/wp\/v2\/pages\/117\/revisions\/318"}],"up":[{"embeddable":true,"href":"https:\/\/ceraaalet.fr\/en\/wp-json\/wp\/v2\/pages\/74"}],"wp:attachment":[{"href":"https:\/\/ceraaalet.fr\/en\/wp-json\/wp\/v2\/media?parent=117"}],"curies":[{"name":"wp","href":"https:\/\/api.w.org\/{rel}","templated":true}]}}