{"id":124,"date":"2017-06-13T11:10:37","date_gmt":"2017-06-13T09:10:37","guid":{"rendered":"http:\/\/ceraaalet.nulien.net\/?page_id=124"},"modified":"2018-05-29T23:21:04","modified_gmt":"2018-05-29T21:21:04","slug":"recherches-et-etudes","status":"publish","type":"page","link":"https:\/\/ceraaalet.fr\/en\/recherches-et-etudes\/","title":{"rendered":"Recherches et \u00e9tudes"},"content":{"rendered":"<div class=\"fw-main-row\" style=\"background-color:#fff;\" >\n\t<div style=\"padding-bottom: ;padding-top: \" class=\"fw-container\">\n\t\t<div class=\"fw-row\">\n\t\n<div class=\"fw-col-xs-12\" style=\"background: \" >\n\t<h1 style=\"text-align: center;\">Recherches et Etudes.<\/h1><p>Anim\u00e9 par la recherche en arch\u00e9ologie, le CeR.A.A. r\u00e9alise de nombreux travaux, tant en prospection qu'en fouilles arch\u00e9ologiques ponctuelles, et participe \u00e0 des \u00e9tudes r\u00e9gionales.<\/p><\/div>\n<\/div>\n\n<div class=\"fw-row\">\n\t\n<div class=\"fw-col-xs-12 fw-col-sm-4\" style=\"background: \" >\n\t<a href=\"http:\/\/ceraaalet.fr\/recherches-et-etudes\/prospections\/\" target=\"_self\" ><img loading=\"lazy\" decoding=\"async\" src=\"https:\/\/ceraaalet.nulien.net\/wp-content\/uploads\/2018\/05\/avion-300x200.jpg\" alt=\"https:\/\/ceraaalet.nulien.net\/wp-content\/uploads\/2018\/05\/avion-300x200.jpg\" class=\"img-responsive img-radius\" width=\"300\" height=\"200\" \/><\/a><p style=\"text-align: center;\"><a href=\"http:\/\/ceraaalet.fr\/recherches-et-etudes\/prospections\/\">Programme de prospections.<\/a><\/p><\/div>\n\n<div class=\"fw-col-xs-12 fw-col-sm-4\" style=\"background: \" >\n\t<a href=\"http:\/\/ceraaalet.fr\/recherches-et-etudes\/fouilles\/\" target=\"_self\" ><img loading=\"lazy\" decoding=\"async\" src=\"https:\/\/ceraaalet.nulien.net\/wp-content\/uploads\/2018\/05\/55345373acces-au-port-d-echouage-alet-jpg-300x200.jpg\" alt=\"https:\/\/ceraaalet.nulien.net\/wp-content\/uploads\/2018\/05\/55345373acces-au-port-d-echouage-alet-jpg-300x200.jpg\" class=\"img-responsive img-radius\" width=\"300\" height=\"200\" \/><\/a><p style=\"text-align: center;\"><a href=\"http:\/\/ceraaalet.fr\/recherches-et-etudes\/fouilles\/\">Fouilles arch\u00e9ologiques ponctuelles<\/a><\/p><\/div>\n\n<div class=\"fw-col-xs-12 fw-col-sm-4\" style=\"background: \" >\n\t<a href=\"http:\/\/ceraaalet.fr\/recherches-et-etudes\/etudes-regionales\/\" target=\"_self\" ><img loading=\"lazy\" decoding=\"async\" src=\"https:\/\/ceraaalet.nulien.net\/wp-content\/uploads\/2018\/05\/14menhirguitte-300x200.jpg\" alt=\"https:\/\/ceraaalet.nulien.net\/wp-content\/uploads\/2018\/05\/14menhirguitte-300x200.jpg\" class=\"img-responsive img-radius\" width=\"300\" height=\"200\" \/><\/a><p style=\"text-align: center;\"><a href=\"http:\/\/ceraaalet.nulien.net\/etudes-regionales\/\">Etudes r\u00e9gionales.<\/a><\/p><\/div>\n<\/div>\n\n\t<\/div>\n<\/div>","protected":false},"excerpt":{"rendered":"Recherches et Etudes.Anim\u00e9 par la recherche en arch\u00e9ologie, [&hellip;]","protected":false},"author":2,"featured_media":0,"parent":0,"menu_order":0,"comment_status":"closed","ping_status":"closed","template":"","meta":{"footnotes":""},"class_list":["post-124","page","type-page","status-publish","hentry"],"brizy_media":[],"_links":{"self":[{"href":"https:\/\/ceraaalet.fr\/en\/wp-json\/wp\/v2\/pages\/124","targetHints":{"allow":["GET"]}}],"collection":[{"href":"https:\/\/ceraaalet.fr\/en\/wp-json\/wp\/v2\/pages"}],"about":[{"href":"https:\/\/ceraaalet.fr\/en\/wp-json\/wp\/v2\/types\/page"}],"author":[{"embeddable":true,"href":"https:\/\/ceraaalet.fr\/en\/wp-json\/wp\/v2\/users\/2"}],"replies":[{"embeddable":true,"href":"https:\/\/ceraaalet.fr\/en\/wp-json\/wp\/v2\/comments?post=124"}],"version-history":[{"count":21,"href":"https:\/\/ceraaalet.fr\/en\/wp-json\/wp\/v2\/pages\/124\/revisions"}],"predecessor-version":[{"id":469,"href":"https:\/\/ceraaalet.fr\/en\/wp-json\/wp\/v2\/pages\/124\/revisions\/469"}],"wp:attachment":[{"href":"https:\/\/ceraaalet.fr\/en\/wp-json\/wp\/v2\/media?parent=124"}],"curies":[{"name":"wp","href":"https:\/\/api.w.org\/{rel}","templated":true}]}}