{"id":185,"date":"2018-05-01T12:56:42","date_gmt":"2018-05-01T10:56:42","guid":{"rendered":"http:\/\/ceraaalet.nulien.net\/?page_id=185"},"modified":"2025-07-14T00:04:47","modified_gmt":"2025-07-13T22:04:47","slug":"animationsmediations","status":"publish","type":"page","link":"https:\/\/ceraaalet.fr\/en\/animationsmediations\/","title":{"rendered":"Animations\/m\u00e9diations"},"content":{"rendered":"<div class=\"fw-main-row\" style=\"background-color:#fff;\" >\n\t<div style=\"padding-bottom: ;padding-top: \" class=\"fw-container\">\n\t\t<div class=\"fw-row\">\n\t\n<div class=\"fw-col-xs-12 fw-col-sm-6\" style=\"background: \" >\n\t<a href=\"https:\/\/ceraaalet.fr\/visites-guidees\/\" target=\"_self\" ><img loading=\"lazy\" decoding=\"async\" src=\"https:\/\/ceraaalet.fr\/wp-content\/uploads\/2022\/06\/JEA1-300x200.jpg\" alt=\"https:\/\/ceraaalet.fr\/wp-content\/uploads\/2022\/06\/JEA1-300x200.jpg\" class=\"img-responsive img-radius\" width=\"300\" height=\"200\" \/><\/a><h1 style=\"text-align: left;\">Visites guid\u00e9es<\/h1><p>Le Ce.R.A.A. assure des visites guid\u00e9es: \u00e0 la cit\u00e9 d'Alet, au centre d'interpr\u00e9tation arch\u00e9ologique de Lillemer, sur les m\u00e9galithes pr\u00e9sents sur le territoire du PNR.<\/p><\/div>\n\n<div class=\"fw-col-xs-12 fw-col-sm-6\" style=\"background: \" >\n\t<a href=\"https:\/\/ceraaalet.fr\/scolaires\/\" target=\"_self\" ><img loading=\"lazy\" decoding=\"async\" src=\"https:\/\/ceraaalet.fr\/wp-content\/uploads\/2023\/10\/Presse-1-300x200.jpg\" alt=\"https:\/\/ceraaalet.fr\/wp-content\/uploads\/2023\/10\/Presse-1-300x200.jpg\" class=\"img-responsive img-radius\" width=\"300\" height=\"200\" \/><\/a><h1 style=\"text-align: left;\">Scolaires<\/h1><p>Le Ce.R.A.A. assure des animations en milieu scolaire. Le Ce.R.A.A. est \u00e9ligible au pass culture.<\/p><\/div>\n<\/div>\n\n<div class=\"fw-row\">\n\t\n<div class=\"fw-col-xs-12 fw-col-sm-6\" style=\"background: \" >\n\t<a href=\"https:\/\/ceraaalet.fr\/evenements\/\" target=\"_self\" ><img loading=\"lazy\" decoding=\"async\" src=\"https:\/\/ceraaalet.fr\/wp-content\/uploads\/2023\/11\/1000014064-300x200.jpg\" alt=\"https:\/\/ceraaalet.fr\/wp-content\/uploads\/2023\/11\/1000014064-300x200.jpg\" class=\"img-responsive img-radius\" width=\"300\" height=\"200\" \/><\/a><h1 style=\"text-align: left;\">&nbsp;Ev\u00e9nements<\/h1><p>Le Ce.R.A.A. est pr\u00e9sent aupr\u00e8s du mus\u00e9e de Saint-Malo, du Parc naturel r\u00e9gional de la vall\u00e9e de la Rance et d'autres partenaires lors d'\u00e9v\u00e9nements comme les journ\u00e9es europ\u00e9ennes de l'arch\u00e9ologie, la f\u00eate du parc,...<\/p><\/div>\n\n<div class=\"fw-col-xs-12 fw-col-sm-6\" style=\"background: \" >\n\t<a href=\"http:\/\/ceraaalet.fr\/animations\/conferences\" target=\"_self\" ><img loading=\"lazy\" decoding=\"async\" src=\"https:\/\/ceraaalet.fr\/wp-content\/uploads\/2023\/11\/1000014065-300x200.jpg\" alt=\"https:\/\/ceraaalet.fr\/wp-content\/uploads\/2023\/11\/1000014065-300x200.jpg\" class=\"img-responsive img-radius\" width=\"300\" height=\"200\" \/><\/a><h1 style=\"text-align: left;\">\u00a0<a href=\"http:\/\/ceraaalet.fr\/animations\/conferencesvisites\/\">Conf\u00e9rences<\/a><\/h1><p>Le Ce.R.A.A. assure des conf\u00e9rences et des cours pour l'UTL.<\/p><\/div>\n<\/div>\n\n<div class=\"fw-row\">\n\t\n<div class=\"fw-col-xs-12 fw-col-sm-6\" style=\"background:#ffffff\" >\n\t<a href=\"http:\/\/ceraaalet.fr\/animations\/expositions\/\" target=\"_self\" ><img loading=\"lazy\" decoding=\"async\" src=\"https:\/\/ceraaalet.fr\/wp-content\/uploads\/2018\/06\/2018-06-02-14.52.52-Copie-300x200.jpg\" alt=\"https:\/\/ceraaalet.fr\/wp-content\/uploads\/2018\/06\/2018-06-02-14.52.52-Copie-300x200.jpg\" class=\"img-responsive img-radius\" width=\"300\" height=\"200\" \/><\/a><h1 style=\"text-align: left;\">\u00a0 \u00a0 \u00a0 \u00a0 \u00a0<a href=\"http:\/\/ceraaalet.fr\/animations\/expositions\/\">Expositions<\/a><\/h1><p style=\"text-align: left;\">Le Ce.R.A.A. g\u00e8re la circulation de plusieurs expositions itin\u00e9rantes qui s\u2019appuient sur ses recherches.<\/p><\/div>\n<\/div>\n\n\t<\/div>\n<\/div>","protected":false},"excerpt":{"rendered":"Visites guid\u00e9esLe Ce.R.A.A. assure des visites guid\u00e9es: \u00e0 [&hellip;]","protected":false},"author":2,"featured_media":0,"parent":0,"menu_order":0,"comment_status":"closed","ping_status":"closed","template":"","meta":{"footnotes":""},"class_list":["post-185","page","type-page","status-publish","hentry"],"brizy_media":[],"_links":{"self":[{"href":"https:\/\/ceraaalet.fr\/en\/wp-json\/wp\/v2\/pages\/185","targetHints":{"allow":["GET"]}}],"collection":[{"href":"https:\/\/ceraaalet.fr\/en\/wp-json\/wp\/v2\/pages"}],"about":[{"href":"https:\/\/ceraaalet.fr\/en\/wp-json\/wp\/v2\/types\/page"}],"author":[{"embeddable":true,"href":"https:\/\/ceraaalet.fr\/en\/wp-json\/wp\/v2\/users\/2"}],"replies":[{"embeddable":true,"href":"https:\/\/ceraaalet.fr\/en\/wp-json\/wp\/v2\/comments?post=185"}],"version-history":[{"count":60,"href":"https:\/\/ceraaalet.fr\/en\/wp-json\/wp\/v2\/pages\/185\/revisions"}],"predecessor-version":[{"id":1031,"href":"https:\/\/ceraaalet.fr\/en\/wp-json\/wp\/v2\/pages\/185\/revisions\/1031"}],"wp:attachment":[{"href":"https:\/\/ceraaalet.fr\/en\/wp-json\/wp\/v2\/media?parent=185"}],"curies":[{"name":"wp","href":"https:\/\/api.w.org\/{rel}","templated":true}]}}