{"id":200,"date":"2018-05-02T18:09:21","date_gmt":"2018-05-02T16:09:21","guid":{"rendered":"http:\/\/ceraaalet.nulien.net\/?page_id=200"},"modified":"2025-07-13T23:19:54","modified_gmt":"2025-07-13T21:19:54","slug":"le-cer-a-a","status":"publish","type":"page","link":"https:\/\/ceraaalet.fr\/en\/","title":{"rendered":"Le Ce.R.A.A."},"content":{"rendered":"<div class=\"fw-main-row\" style=\"background-color:#fff;\" >\n\t<div style=\"padding-bottom: ;padding-top: \" class=\"fw-container\">\n\t\t<div class=\"fw-row\">\n\t\n<div class=\"fw-col-xs-12\" style=\"background: \" >\n\t<h1 style=\"text-align: center;\">Le Centre R\u00e9gional d'Arch\u00e9ologie d'Alet (Ce.R.A.A)<\/h1><p>Les membres du CeRAA sont anim\u00e9s par la recherche et la communication en arch\u00e9ologie. Les actions annuelles mobilisent nos membres autour de la prospection inventaire arch\u00e9ologique (a\u00e9rienne, p\u00e9destre, r\u00e9lev\u00e9s, identification\u2026.), de la r\u00e9alisation de fouilles arch\u00e9ologiques ponctuelles, d\u2019actions de revalorisation et de m\u00e9diation arch\u00e9ologique et patrimoniale dont le volet p\u00e9dagogique.<\/p><\/div>\n<\/div>\n\n<div class=\"fw-row\">\n\t\n<div class=\"fw-col-xs-12 fw-col-sm-4\" style=\"background: \" >\n\t<a href=\"http:\/\/ceraaalet.fr\/le-cer-a-a\/qui-sommes-nous\/\" target=\"_blank\" ><img loading=\"lazy\" decoding=\"async\" src=\"https:\/\/ceraaalet.fr\/wp-content\/uploads\/2022\/06\/JEA8-300x200.jpg\" alt=\"https:\/\/ceraaalet.fr\/wp-content\/uploads\/2022\/06\/JEA8-300x200.jpg\" class=\"img-responsive img-radius\" width=\"300\" height=\"200\" \/><\/a><h1 style=\"text-align: center;\"><a href=\"http:\/\/ceraaalet.fr\/le-cer-a-a\/qui-sommes-nous\/\">Qui sommes nous?<\/a><\/h1><\/div>\n\n<div class=\"fw-col-xs-12 fw-col-sm-4\" style=\"background: \" >\n\t<a href=\"http:\/\/ceraaalet.fr\/le-cer-a-a\/contact\/\" target=\"_blank\" ><img loading=\"lazy\" decoding=\"async\" src=\"https:\/\/ceraaalet.fr\/wp-content\/uploads\/2024\/05\/438170481_859906076155447_1899196685296172780_n-300x200.jpg\" alt=\"https:\/\/ceraaalet.fr\/wp-content\/uploads\/2024\/05\/438170481_859906076155447_1899196685296172780_n-300x200.jpg\" class=\"img-responsive img-radius\" width=\"300\" height=\"200\" \/><\/a><h1 style=\"text-align: center;\"><a href=\"http:\/\/ceraaalet.fr\/le-cer-a-a\/contact\/\">Contact<\/a><\/h1><\/div>\n\n<div class=\"fw-col-xs-12 fw-col-sm-4\" style=\"background: \" >\n\t<a href=\"http:\/\/ceraaalet.fr\/le-cer-a-a\/liens\/\" target=\"_blank\" ><img loading=\"lazy\" decoding=\"async\" src=\"https:\/\/ceraaalet.fr\/wp-content\/uploads\/2018\/06\/2018-06-02-14.51.03-Copie-300x200.jpg\" alt=\"https:\/\/ceraaalet.fr\/wp-content\/uploads\/2018\/06\/2018-06-02-14.51.03-Copie-300x200.jpg\" class=\"img-responsive img-radius\" width=\"300\" height=\"200\" \/><\/a><h1 style=\"text-align: center;\"><a href=\"http:\/\/ceraaalet.nulien.net\/liens\/\">Liens.<\/a><\/h1><\/div>\n<\/div>\n\n\t<\/div>\n<\/div>","protected":false},"excerpt":{"rendered":"Le Centre R\u00e9gional d&rsquo;Arch\u00e9ologie d&rsquo;Alet (Ce.R.A.A)Les membres du [&hellip;]","protected":false},"author":2,"featured_media":0,"parent":0,"menu_order":0,"comment_status":"closed","ping_status":"closed","template":"","meta":{"footnotes":""},"class_list":["post-200","page","type-page","status-publish","hentry"],"brizy_media":[],"_links":{"self":[{"href":"https:\/\/ceraaalet.fr\/en\/wp-json\/wp\/v2\/pages\/200","targetHints":{"allow":["GET"]}}],"collection":[{"href":"https:\/\/ceraaalet.fr\/en\/wp-json\/wp\/v2\/pages"}],"about":[{"href":"https:\/\/ceraaalet.fr\/en\/wp-json\/wp\/v2\/types\/page"}],"author":[{"embeddable":true,"href":"https:\/\/ceraaalet.fr\/en\/wp-json\/wp\/v2\/users\/2"}],"replies":[{"embeddable":true,"href":"https:\/\/ceraaalet.fr\/en\/wp-json\/wp\/v2\/comments?post=200"}],"version-history":[{"count":39,"href":"https:\/\/ceraaalet.fr\/en\/wp-json\/wp\/v2\/pages\/200\/revisions"}],"predecessor-version":[{"id":1010,"href":"https:\/\/ceraaalet.fr\/en\/wp-json\/wp\/v2\/pages\/200\/revisions\/1010"}],"wp:attachment":[{"href":"https:\/\/ceraaalet.fr\/en\/wp-json\/wp\/v2\/media?parent=200"}],"curies":[{"name":"wp","href":"https:\/\/api.w.org\/{rel}","templated":true}]}}