{"id":29,"date":"2017-06-11T17:00:03","date_gmt":"2017-06-11T15:00:03","guid":{"rendered":"http:\/\/ceraaalet.nulien.net\/?page_id=29"},"modified":"2025-11-15T19:05:41","modified_gmt":"2025-11-15T18:05:41","slug":"cite-dalet","status":"publish","type":"page","link":"https:\/\/ceraaalet.fr\/en\/cite-dalet\/","title":{"rendered":"La Cit\u00e9 d&rsquo;Alet"},"content":{"rendered":"<div class=\"fw-main-row\" style=\"background-color:#fff;\" >\n\t<div style=\"padding-bottom: ;padding-top: \" class=\"fw-container\">\n\t\t<div class=\"fw-row\">\n\t\n<div class=\"fw-col-xs-12\" style=\"background: \" >\n\t<h1 style=\"text-align: center;\">La Cit\u00e9 d'Alet<\/h1><div id=\"ccontenu\"><p class=\"alinea\">L\u2019histoire de la Cit\u00e9 d\u2019Alet a pu \u00eatre reconstitu\u00e9e gr\u00e2ce \u00e0 l\u2019exploitation de plusieurs textes anciens (Table de Peutinger, Notitia Dignitatum, Vita de Saint-Malo, Les listes \u00e9piscopales, Le Roman d\u2019Aquin, les t\u00e9moignages m\u00e9di\u00e9vaux et post-m\u00e9di\u00e9vaux, etc\u2026) et gr\u00e2ce aux fouilles arch\u00e9ologiques anciennes (1890, 1907 et 1908, 1965-1968), et aux importantes fouilles terrestres et sous-marines men\u00e9es sur le site par le Ce.R.A.A depuis 1970.<\/p><p>&nbsp;<\/p><p class=\"alinea\">Deux ouvrages, \u00e9dit\u00e9s par le Ce.R.A.A., permettent d\u2019en conna\u00eetre le d\u00e9tail :<\/p><p>- La Cit\u00e9 d\u2019Alet ; de l\u2019agglom\u00e9ration gauloise \u00e0 l\u2019\u00eele de Saint-Malo, Les Dossiers du Ce.R.A.A., <span class=\"italique\">1996, 128 pages (18,50\u00a0\u20ac)<\/span>,<br \/>- Alet, antique Cit\u00e9, berceau de Saint-Malo, <span class=\"italique\">1976, 16 pages (2,50 \u20ac)<\/span>.<\/p><p>&nbsp;<\/p><p class=\"alinea\">L\u2019histoire de la Cit\u00e9 d\u2019Alet, berceau de l\u2019agglom\u00e9ration malouine, a d\u00e9but\u00e9 au Ier si\u00e8cle av. J.-C. pour se terminer au XIII\u00e8me si\u00e8cle ap. J.-C. Il est possible d\u2019en prendre rapidement connaissance en choisissant ci-dessous la p\u00e9riode choisie.<\/p><p class=\"centre\"><p id=\"adhesion\"><\/div><\/div>\n<\/div>\n\n<div class=\"fw-row\">\n\t\n<div class=\"fw-col-xs-12 fw-col-sm-4\" style=\"background: \" >\n\t<a href=\"http:\/\/ceraaalet.fr\/cite-dalet\/gauloise\/\" target=\"_self\" ><img loading=\"lazy\" decoding=\"async\" src=\"https:\/\/ceraaalet.fr\/wp-content\/uploads\/2025\/11\/GAULOIS-300x200.jpg\" alt=\"https:\/\/ceraaalet.fr\/wp-content\/uploads\/2025\/11\/GAULOIS-300x200.jpg\" class=\"img-responsive img-radius\" width=\"300\" height=\"200\" \/><\/a><p>La cit\u00e9 d'Alet \u00e0 la p\u00e9riode <a href=\"http:\/\/ceraaalet.fr\/cite-dalet\/gauloise\/\">gauloise.<\/a><\/p><\/div>\n\n<div class=\"fw-col-xs-12 fw-col-sm-4\" style=\"background: \" >\n\t<a href=\"http:\/\/ceraaalet.fr\/cite-dalet\/gallo-romaine\/\" target=\"_self\" ><img loading=\"lazy\" decoding=\"async\" src=\"https:\/\/ceraaalet.fr\/wp-content\/uploads\/2025\/11\/GALLO-ROMAINS-300x200.jpg\" alt=\"https:\/\/ceraaalet.fr\/wp-content\/uploads\/2025\/11\/GALLO-ROMAINS-300x200.jpg\" class=\"img-responsive img-radius\" width=\"300\" height=\"200\" \/><\/a><p>La cit\u00e9 d'Alet \u00e0 l'\u00e9poque <a href=\"http:\/\/ceraaalet.fr\/cite-dalet\/gallo-romaine\/\">gallo-romaine.<\/a><\/p><\/div>\n\n<div class=\"fw-col-xs-12 fw-col-sm-4\" style=\"background: \" >\n\t<a href=\"http:\/\/ceraaalet.fr\/cite-dalet\/moyen-age\/\" target=\"_self\" ><img loading=\"lazy\" decoding=\"async\" src=\"https:\/\/ceraaalet.fr\/wp-content\/uploads\/2025\/11\/M2DI2VALE-300x200.jpg\" alt=\"https:\/\/ceraaalet.fr\/wp-content\/uploads\/2025\/11\/M2DI2VALE-300x200.jpg\" class=\"img-responsive img-radius\" width=\"300\" height=\"200\" \/><\/a><p>La cit\u00e9 d'Alet \u00e0 l'\u00e9poque du <a href=\"http:\/\/ceraaalet.fr\/cite-dalet\/moyen-age\/\">Moyen-\u00c2ge.<\/a><\/p><\/div>\n<\/div>\n\n<div class=\"fw-row\">\n\t\n<div class=\"fw-col-xs-12\" style=\"background: \" >\n\t<p>&nbsp;<\/p><p class=\"centre\"><span class=\"centre\"><img loading=\"lazy\" decoding=\"async\" class=\"aligncenter\" src=\"http:\/\/ceraaalet.free.fr\/images\/Aletvueaer2red_000.jpg\" width=\"425\" height=\"276\" \/><\/span><\/p><p id=\"adhesion\"><\/div>\n<\/div>\n\n\t<\/div>\n<\/div>","protected":false},"excerpt":{"rendered":"La Cit\u00e9 d&rsquo;AletL\u2019histoire de la Cit\u00e9 d\u2019Alet a [&hellip;]","protected":false},"author":2,"featured_media":0,"parent":0,"menu_order":0,"comment_status":"closed","ping_status":"closed","template":"","meta":{"footnotes":""},"class_list":["post-29","page","type-page","status-publish","hentry"],"brizy_media":[],"_links":{"self":[{"href":"https:\/\/ceraaalet.fr\/en\/wp-json\/wp\/v2\/pages\/29","targetHints":{"allow":["GET"]}}],"collection":[{"href":"https:\/\/ceraaalet.fr\/en\/wp-json\/wp\/v2\/pages"}],"about":[{"href":"https:\/\/ceraaalet.fr\/en\/wp-json\/wp\/v2\/types\/page"}],"author":[{"embeddable":true,"href":"https:\/\/ceraaalet.fr\/en\/wp-json\/wp\/v2\/users\/2"}],"replies":[{"embeddable":true,"href":"https:\/\/ceraaalet.fr\/en\/wp-json\/wp\/v2\/comments?post=29"}],"version-history":[{"count":14,"href":"https:\/\/ceraaalet.fr\/en\/wp-json\/wp\/v2\/pages\/29\/revisions"}],"predecessor-version":[{"id":1071,"href":"https:\/\/ceraaalet.fr\/en\/wp-json\/wp\/v2\/pages\/29\/revisions\/1071"}],"wp:attachment":[{"href":"https:\/\/ceraaalet.fr\/en\/wp-json\/wp\/v2\/media?parent=29"}],"curies":[{"name":"wp","href":"https:\/\/api.w.org\/{rel}","templated":true}]}}