{"id":31,"date":"2017-06-11T17:00:59","date_gmt":"2017-06-11T15:00:59","guid":{"rendered":"http:\/\/ceraaalet.nulien.net\/?page_id=31"},"modified":"2025-11-15T19:28:56","modified_gmt":"2025-11-15T18:28:56","slug":"gauloise","status":"publish","type":"page","link":"https:\/\/ceraaalet.fr\/en\/cite-dalet\/gauloise\/","title":{"rendered":"Gauloise"},"content":{"rendered":"<div class=\"fw-main-row\" style=\"background-color:#fff;\" >\n\t<div style=\"padding-bottom: ;padding-top: \" class=\"fw-container\">\n\t\t<div class=\"fw-row\">\n\t\n<div class=\"fw-col-xs-12\" style=\"background: \" >\n\t<h1 style=\"text-align: center;\">La cit\u00e9 d'Alet gauloise<\/h1><div id=\"ccontenu\"><p class=\"alinea\">La Table de Peutinger (ci-dessous) nous apprend qu\u2019un site portuaire au nom pr\u00e9-romain (Reginca) \u00e9tait le terminus d\u2019une voie romaine venant de Condate (Rennes). Les fouilles sous-marines ont permis de localiser ce port gaulois d\u2019\u00e9chouage et d\u2019identifier un bassin de retenue d\u2019eau douce \u00e0 l\u2019usage des bateaux. D\u00e8s le Ier s. av. J.-C., ce port d\u2019\u00e9chouage accueillait une navigation de cabotage mais \u00e9tait surtout le terminus d\u2019un axe maritime dont une autre extr\u00e9mit\u00e9 se trouvait, en Bretagne insulaire, \u00e0 Hengistbury Head. Un trafic trans-Manche, s\u2019appuyant sur les \u00eeles Lenur (\u00eeles anglo-normandes) est illustr\u00e9 par l\u2019exportation de monnaies et de c\u00e9ramiques coriosolites. D\u2019autres importations venaient d\u2019Italie (Campanie), d\u2019Espagne (Tarraconaise), des Flandres, de Gaule du Sud, de l\u2019Orl\u00e9anais, etc...<\/p><p><figure id=\"attachment_1075\" aria-describedby=\"caption-attachment-1075\" style=\"width: 300px\" class=\"wp-caption aligncenter\"><img loading=\"lazy\" decoding=\"async\" class=\"wp-image-1075 size-medium\" src=\"http:\/\/ceraaalet.fr\/wp-content\/uploads\/2025\/11\/PEUTINGER-300x148.jpg\" alt=\"\" width=\"300\" height=\"148\" srcset=\"https:\/\/ceraaalet.fr\/wp-content\/uploads\/2025\/11\/PEUTINGER-300x148.jpg 300w, https:\/\/ceraaalet.fr\/wp-content\/uploads\/2025\/11\/PEUTINGER.jpg 501w\" sizes=\"auto, (max-width: 300px) 100vw, 300px\" \/><figcaption id=\"caption-attachment-1075\" class=\"wp-caption-text\">Extraits de la Table de Peutinger<\/figcaption><\/figure><\/p><p class=\"alinea\">Les vestiges d\u2019une agglom\u00e9ration gauloise (Alet) (ci-dessous) ont \u00e9t\u00e9 retrouv\u00e9s en diff\u00e9rents endroits de ce promontoire qui a toutes les caract\u00e9ristiques d\u2019un \u00e9peron barr\u00e9. De nombreuses monnaies attestent de l\u2019appartenance de cette agglom\u00e9ration \u00e0 la tribu des Coriosolites. Les fouilles ont permis de recueillir, dans les restes d\u2019habitats en mati\u00e8res p\u00e9rissables, de tr\u00e8s nombreuses c\u00e9ramiques, divers bijoux, des meules rotatives et de localiser des foyers, des silos \u00e0 c\u00e9r\u00e9ales et des fosses-d\u00e9potoirs.<\/p><\/div><\/div>\n<\/div>\n\n<div class=\"fw-row\">\n\t\n<div class=\"fw-col-xs-12 fw-col-sm-4\" style=\"background: \" >\n\t<img loading=\"lazy\" decoding=\"async\" src=\"https:\/\/ceraaalet.fr\/wp-content\/uploads\/2025\/11\/Alet-epoque-gauloise-300x200.jpg\" alt=\"https:\/\/ceraaalet.fr\/wp-content\/uploads\/2025\/11\/Alet-epoque-gauloise-300x200.jpg\" class=\"img-responsive img-radius\" width=\"300\" height=\"200\" \/><p>Alet \u00e0 l'\u00e9poque gauloise<\/p><\/div>\n\n<div class=\"fw-col-xs-12 fw-col-sm-4\" style=\"background: \" >\n\t<img loading=\"lazy\" decoding=\"async\" src=\"https:\/\/ceraaalet.fr\/wp-content\/uploads\/2025\/11\/monnaies-gauloises-300x200.jpg\" alt=\"https:\/\/ceraaalet.fr\/wp-content\/uploads\/2025\/11\/monnaies-gauloises-300x200.jpg\" class=\"img-responsive img-radius\" width=\"300\" height=\"200\" \/><p>monnaies coriosolites retrouv\u00e9es sur Alet<\/p><\/div>\n\n<div class=\"fw-col-xs-12 fw-col-sm-4\" style=\"background: \" >\n\t<img loading=\"lazy\" decoding=\"async\" src=\"https:\/\/ceraaalet.fr\/wp-content\/uploads\/2025\/11\/ceramiqu-gauloises-300x200.jpg\" alt=\"https:\/\/ceraaalet.fr\/wp-content\/uploads\/2025\/11\/ceramiqu-gauloises-300x200.jpg\" class=\"img-responsive img-radius\" width=\"300\" height=\"200\" \/><p>c\u00e9ramiques gauloises ou d'importation retrouv\u00e9es sur Alet<\/p><\/div>\n<\/div>\n\n<div class=\"fw-row\">\n\t\n<div class=\"fw-col-xs-12\" style=\"background: \" >\n\t<p class=\"alinea\">L\u2019agglom\u00e9ration apparut vers 80 av. J.-C. et surv\u00e9cut \u00e0 la Conqu\u00eate romaine pour \u00eatre d\u00e9truite par un incendie vers 25 ap. J.-C. L\u2019environnement gaulois est illustr\u00e9, dans la baie de Saint-Malo, par des noms pr\u00e9-romains figurant dans des textes anciens : Alet, Canalch (\u00eele de Saint-Malo), Reginca (Rance), Segisama Briga (\u00eele de C\u00e9zembre)<\/p><\/div>\n<\/div>\n\n\t<\/div>\n<\/div>","protected":false},"excerpt":{"rendered":"La cit\u00e9 d&rsquo;Alet gauloiseLa Table de Peutinger (ci-dessous) [&hellip;]","protected":false},"author":2,"featured_media":0,"parent":29,"menu_order":0,"comment_status":"closed","ping_status":"closed","template":"","meta":{"footnotes":""},"class_list":["post-31","page","type-page","status-publish","hentry"],"brizy_media":[],"_links":{"self":[{"href":"https:\/\/ceraaalet.fr\/en\/wp-json\/wp\/v2\/pages\/31","targetHints":{"allow":["GET"]}}],"collection":[{"href":"https:\/\/ceraaalet.fr\/en\/wp-json\/wp\/v2\/pages"}],"about":[{"href":"https:\/\/ceraaalet.fr\/en\/wp-json\/wp\/v2\/types\/page"}],"author":[{"embeddable":true,"href":"https:\/\/ceraaalet.fr\/en\/wp-json\/wp\/v2\/users\/2"}],"replies":[{"embeddable":true,"href":"https:\/\/ceraaalet.fr\/en\/wp-json\/wp\/v2\/comments?post=31"}],"version-history":[{"count":6,"href":"https:\/\/ceraaalet.fr\/en\/wp-json\/wp\/v2\/pages\/31\/revisions"}],"predecessor-version":[{"id":1078,"href":"https:\/\/ceraaalet.fr\/en\/wp-json\/wp\/v2\/pages\/31\/revisions\/1078"}],"up":[{"embeddable":true,"href":"https:\/\/ceraaalet.fr\/en\/wp-json\/wp\/v2\/pages\/29"}],"wp:attachment":[{"href":"https:\/\/ceraaalet.fr\/en\/wp-json\/wp\/v2\/media?parent=31"}],"curies":[{"name":"wp","href":"https:\/\/api.w.org\/{rel}","templated":true}]}}