{"id":37,"date":"2017-06-11T17:03:41","date_gmt":"2017-06-11T15:03:41","guid":{"rendered":"http:\/\/ceraaalet.nulien.net\/?page_id=37"},"modified":"2018-05-26T16:24:29","modified_gmt":"2018-05-26T14:24:29","slug":"fouilles","status":"publish","type":"page","link":"https:\/\/ceraaalet.fr\/en\/recherches-et-etudes\/fouilles\/","title":{"rendered":"Fouilles"},"content":{"rendered":"<h1 style=\"text-align: center;\">Fouilles arch\u00e9ologiques.<\/h1>\n<div id=\"ccontenu\">\n<h2>Les fouilles de la Cit\u00e9 d&rsquo;Alet<\/h2>\n<p class=\"alinea\">Le Ce.R.A.A. a fouill\u00e9 m\u00e9thodiquement diff\u00e9rentes places de la Cit\u00e9 d\u2019Alet : l\u2019enceinte gallo-romaine (1967 et 1976), l\u2019aiguade de l\u2019Anse Solidor (1970-1972 et 1975), la zone des cath\u00e9drales (1972-1978), la Rue Mesl\u00e9 (1988), l\u2019esplanade du Ch\u00e2teau de Solidor (1973 et 1980-1981).<\/p>\n<p class=\"alinea\">Il a aussi assur\u00e9 la surveillance de diff\u00e9rents chantiers de construction ou d\u2019am\u00e9nagement sur la Cit\u00e9 d\u2019Alet : all\u00e9e du Glacis (1975), la camping municipal (1975 et 1978), le chemin de la Corderie (1989), etc.<\/p>\n<p class=\"alinea\">Toutes ces fouilles arch\u00e9ologiques, combin\u00e9es \u00e0 l\u2019\u00e9tude des textes anciens, ont permis de reconstituer et de publier l\u2019histoire de la Cit\u00e9 d\u2019Alet du Ier s av. J.-C. au XIII\u00e8me s. ap. J.-C.<\/p>\n<h2>Les fouilles sous-marines<\/h2>\n<p class=\"alinea\">De 1973 \u00e0 1978, le Ce.R.A.A. a explor\u00e9 m\u00e9thodiquement la rade de Solidor o\u00f9 le mobilier accumul\u00e9 depuis l\u2019Antiquit\u00e9 se d\u00e9gageait naturellement sous l\u2019effet des nouveaux courants cr\u00e9\u00e9s par l\u2019usine mar\u00e9motrice de la Rance en 1965.<\/p>\n<p class=\"alinea\">Le Ce.R.A.A. a pu s\u2019\u00e9quiper d\u2019un navire sp\u00e9cialis\u00e9 pour ce type de fouille, le Canalchius, gr\u00e2ce \u00e0 des sponsors (Marine Nationale, R\u00e9gion de Bretagne, Go\u00ebmar et Fondation Langlois). Les frais de fonctionnement du chantier ont \u00e9t\u00e9 assur\u00e9s par le Minist\u00e8re de la Culture, le Conseil G\u00e9n\u00e9ral d\u2019Ille-et-Vilaine, la Ville de Saint-Malo, E.D.F. et Brittany Ferries).<\/p>\n<p class=\"alinea\">Le port gallo-romain, Reginca, a pu \u00eatre localis\u00e9 et son activit\u00e9 pr\u00e9cis\u00e9e. Gr\u00e2ce aux rejets de nombreux mobiliers, la fr\u00e9quentation du mouillage utilis\u00e9 par les navires malouins et \u00e9trangers du XV\u00e8me au XIX\u00e8me s. a pu \u00eatre \u00e9tudi\u00e9e en d\u00e9tail.<\/p>\n<h2 class=\"style4\">Les autres fouilles<\/h2>\n<p class=\"alinea\">Le Ce.R.A.A. a r\u00e9alis\u00e9 des fouilles concernant plusieurs p\u00e9riodes :<br \/>\n-l\u2019\u00e9poque pr\u00e9-romaine : le village des \u00c9bihens \u00e0 Saint-Jacut-de-la-Mer (22), un \u00e9tablissement gaulois \u00e0 Saint-Pierre-de-Plesguen (35), des ateliers de bouilleurs de sel \u00e0 Hirel (35) et \u00e0 Kerbors (22), des souterrains au Plessis-Balisson (22) et \u00e0 Ploubalay (22) etc.,<br \/>\n&#8211; l\u2019\u00e9poque gallo-romaine : la villa des Sables-d\u2019Or, \u00e0 Fr\u00e9hel (22), etc.,<br \/>\n-le Moyen-\u00c2ge : le retranchement carolingien de Trans (35), des ateliers de potier \u00e0 Guipel (35), \u00e0 Trans (35) et \u00e0 Planguenoual (22), etc.<br \/>\nToutes ces fouilles ont fait l\u2019objet de publications dans Les Dossiers du Ce.R.A.A.<\/p>\n<p>&nbsp;<\/p>\n<h2>Les fouilles des \u00c9bihens<\/h2>\n<p>Texte \u00e0 venir<\/p>\n<p>&nbsp;<\/p>\n<table border=\"0\" width=\"100%\" cellspacing=\"0\" cellpadding=\"0\">\n<tbody>\n<tr>\n<td>\n<div align=\"center\"><img loading=\"lazy\" decoding=\"async\" src=\"http:\/\/ceraaalet.free.fr\/image\/8-ebihenssol.jpg\" alt=\"La pointe sud de l'\u00eele des Edihens en Saint-Jacut-de-la-Mer, emplacement du village doriosolithe (cl. Langou\u00ebt).\" width=\"300\" height=\"192\" align=\"absmiddle\" border=\"1\" \/><\/div>\n<\/td>\n<td>\n<div align=\"center\"><img loading=\"lazy\" decoding=\"async\" src=\"http:\/\/ceraaalet.free.fr\/image\/statuettehache14.jpg\" alt=\"Statuette en terre cuite venant du siye culturel gallo-romain des Haches en Saint-Jacut-de-la-Mer (cl. Bizien) . \" width=\"300\" height=\"225\" align=\"absmiddle\" border=\"1\" \/><\/div>\n<\/td>\n<\/tr>\n<\/tbody>\n<\/table>\n<p>&nbsp;<\/p>\n<h2>Pal\u00e9om\u00e9ttallurgie<\/h2>\n<p>Les prospections au sol r\u00e9alis\u00e9es maintenant depuis pr\u00e8s de 30 ans par le Ce.R.A.A. se sont int\u00e9ress\u00e9s tr\u00e8s t\u00f4t aux sites de production de fer. Elles ont permis de d\u00e9celer l\u2019existence d\u2019environ 150 ateliers m\u00e9tallurgiques dans le nord de l\u2019Ille et Vilaine et des C\u00f4tes d\u2019Armor. Une premi\u00e8re synth\u00e8se a \u00e9t\u00e9 r\u00e9alis\u00e9e en 1984 pour le nord de la Haute-Bretagne.<\/p>\n<p class=\"style5\">Des op\u00e9rations de prospection th\u00e9matique portant sur ce domaine sont conduites chaque ann\u00e9e depuis 1999 \u00a0dans une zone \u00e9largie aux arrondissements de St Malo, Dinan, Rennes et Redon, en liaison avec l&rsquo;U.M.R. C.N.R.S. 6566 de Rennes et l\u2019U.M.R. 7041 Paris 1 \u2013 Sorbonne. Ce travail s&rsquo;inscrit dans le programme de recherche prioritaire\u00a0 qui concerne l&rsquo;Histoire des techniques, de la protohistoire au 18\u00e8me si\u00e8cle.<\/p>\n<p class=\"style5\">Les sondages r\u00e9alis\u00e9s en 1999 et 2000 ont abouti \u00e0 la mise au jour de bas fourneaux \u2018 gaulois\u2019 au \u2018 Rocher Abraham\u2019 \u00e0 St Pierre de Plesguen (35) et \u00e0 la Ville Pierre II \u00e0 Qu\u00e9vert(22), pr\u00e8s de Dinan, et gallo-romain \u00e0\u00a0 Pilleverte, sur la commune de Plesder (35).<\/p>\n<p class=\"style5\">Prenant le relais de travaux initi\u00e9s sur le massif forestier de Paimpont, \u00a0des fouilles et prospections se sont succ\u00e9d\u00e9es depuis en liaison avec l\u2019\u00e9quipe locale dans ce secteur, permettant de renseigner l\u2019activit\u00e9 m\u00e9tallurgique depuis le 1er \u00e2ge du Fer \u00a0jusqu\u2019au d\u00e9but de la p\u00e9riode industrielle. Une fili\u00e8re de production in\u00e9dite remontant au second Moyen-\u00c2ge a ainsi pu \u00eatre mise en \u00e9vidence et la question de l\u2019extraction mini\u00e8re \u00e0 diff\u00e9rentes p\u00e9riodes a pu \u00eatre abord\u00e9e (fouille du Bois Jacob).<\/p>\n<p class=\"style5\">Les op\u00e9rations se poursuivent actuellement avec une recherche int\u00e9ressant la partie centrale de la Haute-Bretagne au niveau de la prospection, et une reprise de la fouille de l\u2019atelier gallo-romain de Plesder.<\/p>\n<p>&nbsp;<\/p>\n<p>&nbsp;<\/p>\n<table border=\"0\" width=\"100%\" cellspacing=\"0\" cellpadding=\"0\">\n<tbody>\n<tr>\n<td width=\"55%\">\n<div align=\"center\"><img loading=\"lazy\" decoding=\"async\" src=\"http:\/\/ceraaalet.free.fr\/image\/47)fourneaux.jpg\" alt=\"Sch\u00e9ma de principe en coupe d'un bas fourneau de r\u00e9duction du minerai de fer (doc. Vivet)\" width=\"300\" height=\"172\" border=\"1\" \/><\/div>\n<\/td>\n<td width=\"45%\">\n<div align=\"center\"><img loading=\"lazy\" decoding=\"async\" src=\"http:\/\/ceraaalet.free.fr\/image\/46-four.jpg\" alt=\"Scorie de fond du four, Qu\u00e9vert (cl. Vivet)\" width=\"225\" height=\"300\" border=\"1\" \/><\/div>\n<\/td>\n<\/tr>\n<tr>\n<td>\n<div align=\"center\">\u00a0\u00a0\u00a0\u00a0\u00a0\u00a0\u00a0\u00a0\u00a0 Sch\u00e9ma de fonctionnement d&rsquo;un bas fourneau<\/div>\n<\/td>\n<td align=\"center\" valign=\"middle\">\n<div align=\"center\">\n<p>Bas fourneau de Qu\u00e9vert lors de son d\u00e9gagement<\/p>\n<p>(cl. J.B. Vivet)<\/p>\n<\/div>\n<\/td>\n<\/tr>\n<\/tbody>\n<\/table>\n<\/div>","protected":false},"excerpt":{"rendered":"Fouilles arch\u00e9ologiques. Les fouilles de la Cit\u00e9 d&rsquo;Alet [&hellip;]","protected":false},"author":2,"featured_media":0,"parent":124,"menu_order":0,"comment_status":"closed","ping_status":"closed","template":"","meta":{"footnotes":""},"class_list":["post-37","page","type-page","status-publish","hentry"],"brizy_media":[],"_links":{"self":[{"href":"https:\/\/ceraaalet.fr\/en\/wp-json\/wp\/v2\/pages\/37","targetHints":{"allow":["GET"]}}],"collection":[{"href":"https:\/\/ceraaalet.fr\/en\/wp-json\/wp\/v2\/pages"}],"about":[{"href":"https:\/\/ceraaalet.fr\/en\/wp-json\/wp\/v2\/types\/page"}],"author":[{"embeddable":true,"href":"https:\/\/ceraaalet.fr\/en\/wp-json\/wp\/v2\/users\/2"}],"replies":[{"embeddable":true,"href":"https:\/\/ceraaalet.fr\/en\/wp-json\/wp\/v2\/comments?post=37"}],"version-history":[{"count":3,"href":"https:\/\/ceraaalet.fr\/en\/wp-json\/wp\/v2\/pages\/37\/revisions"}],"predecessor-version":[{"id":376,"href":"https:\/\/ceraaalet.fr\/en\/wp-json\/wp\/v2\/pages\/37\/revisions\/376"}],"up":[{"embeddable":true,"href":"https:\/\/ceraaalet.fr\/en\/wp-json\/wp\/v2\/pages\/124"}],"wp:attachment":[{"href":"https:\/\/ceraaalet.fr\/en\/wp-json\/wp\/v2\/media?parent=37"}],"curies":[{"name":"wp","href":"https:\/\/api.w.org\/{rel}","templated":true}]}}