{"id":4,"date":"2017-05-03T22:31:38","date_gmt":"2017-05-03T20:31:38","guid":{"rendered":"http:\/\/ceraaalet.nulien.net\/?page_id=4"},"modified":"2025-07-13T23:10:12","modified_gmt":"2025-07-13T21:10:12","slug":"qui-sommes-nous","status":"publish","type":"page","link":"https:\/\/ceraaalet.fr\/en\/le-cer-a-a\/qui-sommes-nous\/","title":{"rendered":"Qui sommes nous?"},"content":{"rendered":"<div class=\"fw-main-row\" style=\"background-color: #fff;\">\n<div class=\"fw-container\">\n<div class=\"fw-row\">\n<div class=\"fw-col-xs-12\">\n<div>\n<h1 style=\"text-align: center;\">Le Centre R\u00e9gional d&rsquo;Arch\u00e9ologie d&rsquo;Alet<\/h1>\n<p class=\"alinea\">Le Ce.R.A.A., cr\u00e9\u00e9 en 1967 comme Centre R\u00e9gional de Recherches et d\u2019\u00c9tudes d\u2019Arch\u00e9ologie Antique, a pris progressivement son vocable actuel en 1974 et 1990. Tout en ayant un rayonnement r\u00e9gional, il porte le nom du site de la Cit\u00e9 d\u2019Alet, le berceau antique de l\u2019agglom\u00e9ration malouine.<\/p>\n<p>&nbsp;<\/p>\n<p class=\"alinea\">Reconnue association d&rsquo;int\u00e9r\u00eat g\u00e9n\u00e9ral, le Ce.R.A.A. est g\u00e9r\u00e9 par un Conseil d\u2019Administration, un Bureau et une Directrice salari\u00e9e. Son activit\u00e9 repose essentiellement sur le travail de ses membres b\u00e9n\u00e9voles.<\/p>\n<p>&nbsp;<\/p>\n<p class=\"alinea\">Son si\u00e8ge et ses locaux (laboratoires, biblioth\u00e8que et salle de conf\u00e9rences) se trouvent Rue de Gasp\u00e9 (quartier de Saint-Servan, entre le Quai Trichet et la Rue des Bas-Sablons), \u00e0 Saint-Malo (35).<\/p>\n<p>&nbsp;<\/p>\n<p>Membres du bureau du Ce.R.A.A.:<\/p>\n<ul>\n<li>Pr\u00e9sident du Ce.R.A.A.: J\u00e9r\u00f4me J\u00e9hann\u00e8s.<\/li>\n<li>Tr\u00e9sori\u00e8re du Ce.R.A.A.: Marie-Christine Bertho.<\/li>\n<li>Secr\u00e9taire du Ce.R.A.A.: Annie Leclerc.<\/li>\n<\/ul>\n<p>Salari\u00e9e du Ce.R.A.A.:<\/p>\n<ul>\n<li>Directrice du Ce.R.A.A.: Catherine Bizien-Jaglin.<\/li>\n<\/ul>\n<p>&nbsp;<\/p>\n<\/div>\n<div id=\"zcol2\">\n<p><img loading=\"lazy\" decoding=\"async\" class=\"wp-image-143 aligncenter\" src=\"http:\/\/ceraaalet.nulien.net\/wp-content\/uploads\/2017\/12\/2017-12-21-10.34.59-1-300x225.jpg\" alt=\"\" width=\"327\" height=\"245\" srcset=\"https:\/\/ceraaalet.fr\/wp-content\/uploads\/2017\/12\/2017-12-21-10.34.59-1-300x225.jpg 300w, https:\/\/ceraaalet.fr\/wp-content\/uploads\/2017\/12\/2017-12-21-10.34.59-1-768x576.jpg 768w, https:\/\/ceraaalet.fr\/wp-content\/uploads\/2017\/12\/2017-12-21-10.34.59-1-1024x768.jpg 1024w\" sizes=\"auto, (max-width: 327px) 100vw, 327px\" \/><!-- InstanceBeginEditable name=\"chemin\" --><\/p>\n<div id=\"ccontenu\">\n<p><!-- InstanceEndEditable --><\/p>\n<\/div>\n<\/div>\n<\/div>\n<\/div>\n<\/div>\n<\/div>\n<p><!-- 3cdc921037882dce61347c2cb80847db --><\/p>","protected":false},"excerpt":{"rendered":"Le Centre R\u00e9gional d&rsquo;Arch\u00e9ologie d&rsquo;Alet Le Ce.R.A.A., cr\u00e9\u00e9 [&hellip;]","protected":false},"author":1,"featured_media":416,"parent":200,"menu_order":0,"comment_status":"closed","ping_status":"closed","template":"page-templates\/template-canvas.php","meta":{"footnotes":""},"class_list":["post-4","page","type-page","status-publish","has-post-thumbnail","hentry"],"brizy_media":[],"_links":{"self":[{"href":"https:\/\/ceraaalet.fr\/en\/wp-json\/wp\/v2\/pages\/4","targetHints":{"allow":["GET"]}}],"collection":[{"href":"https:\/\/ceraaalet.fr\/en\/wp-json\/wp\/v2\/pages"}],"about":[{"href":"https:\/\/ceraaalet.fr\/en\/wp-json\/wp\/v2\/types\/page"}],"author":[{"embeddable":true,"href":"https:\/\/ceraaalet.fr\/en\/wp-json\/wp\/v2\/users\/1"}],"replies":[{"embeddable":true,"href":"https:\/\/ceraaalet.fr\/en\/wp-json\/wp\/v2\/comments?post=4"}],"version-history":[{"count":18,"href":"https:\/\/ceraaalet.fr\/en\/wp-json\/wp\/v2\/pages\/4\/revisions"}],"predecessor-version":[{"id":1008,"href":"https:\/\/ceraaalet.fr\/en\/wp-json\/wp\/v2\/pages\/4\/revisions\/1008"}],"up":[{"embeddable":true,"href":"https:\/\/ceraaalet.fr\/en\/wp-json\/wp\/v2\/pages\/200"}],"wp:featuredmedia":[{"embeddable":true,"href":"https:\/\/ceraaalet.fr\/en\/wp-json\/wp\/v2\/media\/416"}],"wp:attachment":[{"href":"https:\/\/ceraaalet.fr\/en\/wp-json\/wp\/v2\/media?parent=4"}],"curies":[{"name":"wp","href":"https:\/\/api.w.org\/{rel}","templated":true}]}}