{"id":40,"date":"2017-06-11T17:05:11","date_gmt":"2017-06-11T15:05:11","guid":{"rendered":"http:\/\/ceraaalet.nulien.net\/?page_id=40"},"modified":"2025-11-16T18:08:03","modified_gmt":"2025-11-16T17:08:03","slug":"prospections","status":"publish","type":"page","link":"https:\/\/ceraaalet.fr\/en\/recherches-et-etudes\/prospections\/","title":{"rendered":"Prospections"},"content":{"rendered":"<div class=\"fw-main-row\" style=\"background-color:#fff;\" >\n\t<div style=\"padding-bottom: ;padding-top: \" class=\"fw-container\">\n\t\t<div class=\"fw-row\">\n\t\n<div class=\"fw-col-xs-12\" style=\"background: \" >\n\t<h1 style=\"text-align: center;\">Prospections<\/h1><div id=\"ccontenu\"><h2 style=\"text-align: center;\">Les prospections-Inventaires<\/h2><p class=\"alinea\">Depuis 1974, le Ce.R.A.A. localise et caract\u00e9rise les sites arch\u00e9ologiques du nord de l\u2019Ille-et-Vilaine et de la moiti\u00e9 orientale des C\u00f4tes-d\u2019Armor (arrondissements de Saint-Brieuc, Dinan, Saint-Malo et Foug\u00e8res). Deux approches sont combin\u00e9es, la prospection a\u00e9rienne et la prospection au sol. La premi\u00e8re fournit des \u00e9l\u00e9ments de plan et la seconde des \u00e9chantillonnages de mobilier permettant de caract\u00e9riser le site et de le dater.<\/p><\/div><\/div>\n<\/div>\n\n<div class=\"fw-row\">\n\t\n<div class=\"fw-col-xs-12\" style=\"background: \" >\n\t<a href=\"http:\/\/ceraaalet.fr\/wp-content\/uploads\/2025\/11\/Principes-de-r\u00e9v\u00e9lations-des-structures-arch\u00e9ologiques-utilis\u00e9s-lors-des-prospections-a\u00e9riennes-doc.-Cath\u00e9rine-Bizien-Jaglin.jpg\" target=\"_blank\" ><img loading=\"lazy\" decoding=\"async\" src=\"https:\/\/ceraaalet.fr\/wp-content\/uploads\/2025\/11\/Principes-de-r\u00e9v\u00e9lations-des-structures-arch\u00e9ologiques-utilis\u00e9s-lors-des-prospections-a\u00e9riennes-doc.-Cath\u00e9rine-Bizien-Jaglin-300x200.jpg\" alt=\"https:\/\/ceraaalet.fr\/wp-content\/uploads\/2025\/11\/Principes-de-r\u00e9v\u00e9lations-des-structures-arch\u00e9ologiques-utilis\u00e9s-lors-des-prospections-a\u00e9riennes-doc.-Cath\u00e9rine-Bizien-Jaglin-300x200.jpg\" class=\"img-responsive img-radius\" width=\"300\" height=\"200\" \/><\/a><p><em>Principes de r\u00e9v\u00e9lations des structures arch\u00e9ologiques utilis\u00e9s lors des prospections a\u00e9riennes (doc. Catherine Bizien-Jaglin)<\/em><\/p><\/div>\n<\/div>\n\n<div class=\"fw-row\">\n\t\n<div class=\"fw-col-xs-12\" style=\"background: \" >\n\t<div id=\"ccontenu\"><p>- Les r\u00e9sultats sont r\u00e9guli\u00e8rement publi\u00e9s dans la revue du Centre, Les Dossiers du Ce.R.A.A. (Chronique annuelle de prospection arch\u00e9ologique).<br \/>- En un peu plus de 30 ans, les prospecteurs du Ce.R.A.A. ont plus de 1800 sites in\u00e9dits \u00e0 leur actif.<\/p><\/div><\/div>\n<\/div>\n\n<div class=\"fw-row\">\n\t\n<div class=\"fw-col-xs-12 fw-col-sm-6\" style=\"background: \" >\n\t<img loading=\"lazy\" decoding=\"async\" src=\"https:\/\/ceraaalet.fr\/wp-content\/uploads\/2025\/11\/type-davion-utilis\u00e9-lors-des-prospections-a\u00e9riennes-clich\u00e9-Catherine-Bizien-Jaglin-300x200.jpg\" alt=\"https:\/\/ceraaalet.fr\/wp-content\/uploads\/2025\/11\/type-davion-utilis\u00e9-lors-des-prospections-a\u00e9riennes-clich\u00e9-Catherine-Bizien-Jaglin-300x200.jpg\" class=\"img-responsive img-radius\" width=\"300\" height=\"200\" \/><p><em>type d'avion utilis\u00e9 lors des prospections a\u00e9riennes (clich\u00e9 Catherine Bizien-Jaglin)<\/em><\/p><\/div>\n\n<div class=\"fw-col-xs-12 fw-col-sm-6\" style=\"background: \" >\n\t<img loading=\"lazy\" decoding=\"async\" src=\"https:\/\/ceraaalet.fr\/wp-content\/uploads\/2025\/11\/Villa-romaine-plorec-sur-Arguenon-clich\u00e9-Catherine-Bizien-Jaglin-2006-300x200.jpg\" alt=\"https:\/\/ceraaalet.fr\/wp-content\/uploads\/2025\/11\/Villa-romaine-plorec-sur-Arguenon-clich\u00e9-Catherine-Bizien-Jaglin-2006-300x200.jpg\" class=\"img-responsive img-radius\" width=\"300\" height=\"200\" \/><p><em>Villa romaine, plorec-sur-Arguenon (clich\u00e9 Catherine Bizien-Jaglin, 2006)<\/em><\/p><\/div>\n<\/div>\n\n<div class=\"fw-row\">\n\t\n<div class=\"fw-col-xs-12 fw-col-sm-6\" style=\"background: \" >\n\t<img loading=\"lazy\" decoding=\"async\" src=\"https:\/\/ceraaalet.fr\/wp-content\/uploads\/2025\/11\/Corseul-r\u00e9v\u00e9lation-dun-quartie-de-la-ville-antique-clich\u00e9-Lo\u00efc-Langou\u00ebt-1976-300x200.jpg\" alt=\"https:\/\/ceraaalet.fr\/wp-content\/uploads\/2025\/11\/Corseul-r\u00e9v\u00e9lation-dun-quartie-de-la-ville-antique-clich\u00e9-Lo\u00efc-Langou\u00ebt-1976-300x200.jpg\" class=\"img-responsive img-radius\" width=\"300\" height=\"200\" \/><p><em>Corseul, r\u00e9v\u00e9lation d'un quartier de la ville antique (clich\u00e9, Lo\u00efc Langou\u00ebt, 1976)<\/em><\/p><\/div>\n\n<div class=\"fw-col-xs-12 fw-col-sm-6\" style=\"background: \" >\n\t<img loading=\"lazy\" decoding=\"async\" src=\"https:\/\/ceraaalet.fr\/wp-content\/uploads\/2025\/11\/Taden-temple-r\u00e9v\u00e9l\u00e9-par-la-prospection-a\u00e9rienne-clich\u00e9-Lo\u00efc-Langou\u00ebt.-300x200.jpg\" alt=\"https:\/\/ceraaalet.fr\/wp-content\/uploads\/2025\/11\/Taden-temple-r\u00e9v\u00e9l\u00e9-par-la-prospection-a\u00e9rienne-clich\u00e9-Lo\u00efc-Langou\u00ebt.-300x200.jpg\" class=\"img-responsive img-radius\" width=\"300\" height=\"200\" \/><p><em>Taden, temple r\u00e9v\u00e9l\u00e9 par la prospection a\u00e9rienne (clich\u00e9 Lo\u00efc Langou\u00ebt).<\/em><\/p><\/div>\n<\/div>\n\n\t<\/div>\n<\/div>","protected":false},"excerpt":{"rendered":"ProspectionsLes prospections-InventairesDepuis 1974, le Ce.R.A.A. localise et caract\u00e9rise [&hellip;]","protected":false},"author":2,"featured_media":0,"parent":124,"menu_order":0,"comment_status":"closed","ping_status":"closed","template":"","meta":{"footnotes":""},"class_list":["post-40","page","type-page","status-publish","hentry"],"brizy_media":[],"_links":{"self":[{"href":"https:\/\/ceraaalet.fr\/en\/wp-json\/wp\/v2\/pages\/40","targetHints":{"allow":["GET"]}}],"collection":[{"href":"https:\/\/ceraaalet.fr\/en\/wp-json\/wp\/v2\/pages"}],"about":[{"href":"https:\/\/ceraaalet.fr\/en\/wp-json\/wp\/v2\/types\/page"}],"author":[{"embeddable":true,"href":"https:\/\/ceraaalet.fr\/en\/wp-json\/wp\/v2\/users\/2"}],"replies":[{"embeddable":true,"href":"https:\/\/ceraaalet.fr\/en\/wp-json\/wp\/v2\/comments?post=40"}],"version-history":[{"count":6,"href":"https:\/\/ceraaalet.fr\/en\/wp-json\/wp\/v2\/pages\/40\/revisions"}],"predecessor-version":[{"id":1108,"href":"https:\/\/ceraaalet.fr\/en\/wp-json\/wp\/v2\/pages\/40\/revisions\/1108"}],"up":[{"embeddable":true,"href":"https:\/\/ceraaalet.fr\/en\/wp-json\/wp\/v2\/pages\/124"}],"wp:attachment":[{"href":"https:\/\/ceraaalet.fr\/en\/wp-json\/wp\/v2\/media?parent=40"}],"curies":[{"name":"wp","href":"https:\/\/api.w.org\/{rel}","templated":true}]}}