{"id":53,"date":"2017-06-11T17:16:44","date_gmt":"2017-06-11T15:16:44","guid":{"rendered":"http:\/\/ceraaalet.nulien.net\/?page_id=53"},"modified":"2018-05-26T16:23:29","modified_gmt":"2018-05-26T14:23:29","slug":"etudes-regionales","status":"publish","type":"page","link":"https:\/\/ceraaalet.fr\/en\/recherches-et-etudes\/etudes-regionales\/","title":{"rendered":"\u00c9tudes r\u00e9gionales"},"content":{"rendered":"<h1 class=\"style7\" style=\"text-align: center;\">LES PI\u00c8GES A POISSON SUR ESTRAN<\/h1>\n<h1 class=\"style7\" style=\"text-align: center;\">EN BRETAGNE<\/h1>\n<p><strong>\u00a0<\/strong><\/p>\n<p><strong>\u00a0<\/strong><\/p>\n<p><strong>\u00a0\u00a0\u00a0\u00a0\u00a0\u00a0\u00a0\u00a0\u00a0\u00a0\u00a0\u00a0\u00a0 Les recherches sur les anciennes p\u00eacheries d\u2019estran qui se d\u00e9roulent dans le cadre du th\u00e8me <em>Littoral <\/em>de l\u2019UMR 6566 (Centre de Recherche en Arch\u00e9ologie, Arch\u00e9osciences, Histoire) et de l\u2019A.M.A.R.A.I. (Association Manche Atlantique pour la Recherche Arch\u00e9ologique dans les \u00eeles) se poursuivent avec un d\u00e9veloppement impressionnant. Le Ce.R.A.A. y participe activement, principalement pour le littoral des C\u00f4tes d\u2019Armor. Depuis un an, le rythme moyen de d\u00e9couverte de nouveaux pi\u00e8ges \u00e0 poissons est d\u2019environ une installation tous les deux jours pour l\u2019ensemble de la Bretagne\u00a0; les informations viennent beaucoup des p\u00eacheurs \u00e0 pied. Dans les c\u00f4tes d\u2019Armor, 240 pi\u00e8ges ont \u00e9t\u00e9 identifi\u00e9s \u00e0 ce jour. La recherche progresse aussi dans l\u2019analyse topographique, architecturale et chronologique de ces p\u00eacheries\u00a0; en particulier des datations radiocarbone, r\u00e9alis\u00e9es sur des installations ayant conserv\u00e9 des pieux de bois, apportent des donn\u00e9es essentielles. D\u00e9j\u00e0 en 2009, de nombreuses publications ont trait\u00e9 du sujet (le Tr\u00e9gor, l\u2019archipel de Br\u00e9hat, la Bretagne, \u2026).<\/strong><\/p>\n<p><strong>\u00a0\u00a0\u00a0\u00a0\u00a0\u00a0\u00a0\u00a0\u00a0\u00a0\u00a0\u00a0\u00a0 Le Ce.R.A.A. publiera en 2010 un volume sp\u00e9cial sur les \u00ab<em>pi\u00e8ges \u00e0 poissons sur estran en Bretagne<\/em>\u00bb (N\u00b0AG-2010 des <em>Dossiers du Ce.R.A.A<\/em>.). Parall\u00e8lement sortiront des \u00e9tudes plus d\u00e9taill\u00e9es sur les p\u00eacheries des c\u00f4tes du Go\u00eblo, de l\u2019\u00eele de Hoedic, de Locqu\u00e9meau-Tr\u00e9drez, \u2026., voire des articles m\u00e9thodologiques.<\/strong><\/p>\n<p><strong>\u00a0<\/strong><\/p>\n<p><strong><img loading=\"lazy\" decoding=\"async\" src=\"http:\/\/ceraaalet.free.fr\/images\/Locquemeau-3-plan_001.jpg\" width=\"542\" height=\"362\" align=\"right\" hspace=\"10\" \/><\/strong><\/p>\n<p>&nbsp;<\/p>\n<p>&nbsp;<\/p>\n<p><strong>si vous connaissez des p\u00eacheries, n&rsquo;h\u00e9sitez pas \u00e0 laisser un message en page liens.<\/strong><\/p>\n<p>&nbsp;<\/p>\n<p>&nbsp;<\/p>\n<p>&nbsp;<\/p>\n<p>&nbsp;<\/p>\n<p>&nbsp;<\/p>\n<p>&nbsp;<\/p>\n<p>&nbsp;<\/p>\n<p>&nbsp;<\/p>\n<p>&nbsp;<\/p>\n<p>&nbsp;<\/p>\n<p>&nbsp;<\/p>\n<p>&nbsp;<\/p>\n<p>&nbsp;<\/p>\n<h2 class=\"style3\">Autres \u00e9tudes<\/h2>\n<p class=\"alinea\"><strong>Depuis plusieurs ann\u00e9es un inventaire des m\u00e9galithes est r\u00e9alis\u00e9 sur le terrain. Il donne lieu \u00e0 diverses publications.<\/strong><\/p>\n<p>&nbsp;<\/p>\n<table border=\"0\" width=\"100%\" cellspacing=\"10\" cellpadding=\"0\">\n<tbody>\n<tr>\n<td>\n<div align=\"center\"><img loading=\"lazy\" decoding=\"async\" src=\"http:\/\/ceraaalet.free.fr\/image\/14)menhirguitte.jpg\" alt=\"\" width=\"225\" height=\"300\" \/><\/div>\n<\/td>\n<td>\n<div align=\"center\"><img loading=\"lazy\" decoding=\"async\" src=\"http:\/\/ceraaalet.free.fr\/image\/20)pljugonvbernais.jpg\" alt=\"\" width=\"225\" height=\"300\" \/><\/div>\n<\/td>\n<\/tr>\n<tr>\n<td>\n<div align=\"center\"><img loading=\"lazy\" decoding=\"async\" src=\"http:\/\/ceraaalet.free.fr\/image\/25)hautieretregon.jpg\" alt=\"\" width=\"300\" height=\"201\" \/><\/div>\n<\/td>\n<td>\n<div align=\"center\"><img loading=\"lazy\" decoding=\"async\" src=\"http:\/\/ceraaalet.free.fr\/image\/27)pleslin.jpg\" alt=\"\" width=\"300\" height=\"217\" \/><\/div>\n<\/td>\n<\/tr>\n<tr>\n<td>\n<div align=\"center\"><img loading=\"lazy\" decoding=\"async\" src=\"http:\/\/ceraaalet.free.fr\/image\/29)st-Jacut.jpg\" alt=\"\" width=\"300\" height=\"225\" \/><\/div>\n<\/td>\n<td>\n<div align=\"center\"><img loading=\"lazy\" decoding=\"async\" src=\"http:\/\/ceraaalet.free.fr\/image\/12)tresse.jpg\" alt=\"\" width=\"300\" height=\"200\" \/><\/div>\n<\/td>\n<\/tr>\n<tr>\n<td>\n<div align=\"center\"><img loading=\"lazy\" decoding=\"async\" src=\"http:\/\/ceraaalet.free.fr\/image\/15)st-samso2.jpg\" alt=\"\" width=\"204\" height=\"300\" \/><\/div>\n<\/td>\n<td>\n<div align=\"center\"><img loading=\"lazy\" decoding=\"async\" src=\"http:\/\/ceraaalet.free.fr\/image\/15)st-samson3.jpg\" alt=\"\" width=\"213\" height=\"300\" \/><\/div>\n<\/td>\n<\/tr>\n<tr>\n<td colspan=\"2\">\n<div align=\"center\"><img loading=\"lazy\" decoding=\"async\" src=\"http:\/\/ceraaalet.free.fr\/image\/13)menhirplouasne.jpg\" alt=\"\" width=\"247\" height=\"300\" \/><\/div>\n<\/td>\n<\/tr>\n<\/tbody>\n<\/table>","protected":false},"excerpt":{"rendered":"LES PI\u00c8GES A POISSON SUR ESTRAN EN BRETAGNE [&hellip;]","protected":false},"author":2,"featured_media":0,"parent":124,"menu_order":0,"comment_status":"closed","ping_status":"closed","template":"","meta":{"footnotes":""},"class_list":["post-53","page","type-page","status-publish","hentry"],"brizy_media":[],"_links":{"self":[{"href":"https:\/\/ceraaalet.fr\/en\/wp-json\/wp\/v2\/pages\/53","targetHints":{"allow":["GET"]}}],"collection":[{"href":"https:\/\/ceraaalet.fr\/en\/wp-json\/wp\/v2\/pages"}],"about":[{"href":"https:\/\/ceraaalet.fr\/en\/wp-json\/wp\/v2\/types\/page"}],"author":[{"embeddable":true,"href":"https:\/\/ceraaalet.fr\/en\/wp-json\/wp\/v2\/users\/2"}],"replies":[{"embeddable":true,"href":"https:\/\/ceraaalet.fr\/en\/wp-json\/wp\/v2\/comments?post=53"}],"version-history":[{"count":3,"href":"https:\/\/ceraaalet.fr\/en\/wp-json\/wp\/v2\/pages\/53\/revisions"}],"predecessor-version":[{"id":379,"href":"https:\/\/ceraaalet.fr\/en\/wp-json\/wp\/v2\/pages\/53\/revisions\/379"}],"up":[{"embeddable":true,"href":"https:\/\/ceraaalet.fr\/en\/wp-json\/wp\/v2\/pages\/124"}],"wp:attachment":[{"href":"https:\/\/ceraaalet.fr\/en\/wp-json\/wp\/v2\/media?parent=53"}],"curies":[{"name":"wp","href":"https:\/\/api.w.org\/{rel}","templated":true}]}}