{"id":68,"date":"2017-06-11T17:56:10","date_gmt":"2017-06-11T15:56:10","guid":{"rendered":"http:\/\/ceraaalet.nulien.net\/?page_id=68"},"modified":"2025-11-15T21:08:46","modified_gmt":"2025-11-15T20:08:46","slug":"gallo-romaine","status":"publish","type":"page","link":"https:\/\/ceraaalet.fr\/en\/cite-dalet\/gallo-romaine\/","title":{"rendered":"Gallo-Romaine"},"content":{"rendered":"<div class=\"fw-main-row\" style=\"background-color:#fff;\" >\n\t<div style=\"padding-bottom: ;padding-top: \" class=\"fw-container\">\n\t\t<div class=\"fw-row\">\n\t\n<div class=\"fw-col-xs-12\" style=\"background: \" >\n\t<h1 style=\"text-align: center;\">La cit\u00e9 d'Alet gallo-romaine.<\/h1><div id=\"ccontenu\"><p class=\"alinea\">La romanisation s\u2019est mat\u00e9rialis\u00e9e administrativement par la cr\u00e9ation d\u2019un nouveau chef-lieu des Coriosolites \u00e0 Corseul (Fanum Martis). Il est probable qu\u2019une r\u00e9ticence des habitants d\u2019Alet soit \u00e0 l\u2019origine de la destruction de l\u2019agglom\u00e9ration gauloise. Alet, en tant qu\u2019agglom\u00e9ration, disparut de la carte, contrairement \u00e0 la station maritime de Reginca qui se trouvait \u00e0 ses pieds et qui resta active. Celle-ci acquit un r\u00f4le suppl\u00e9mentaire : un port de contact entre une navigation maritime et une navigation fluviale dont le terminus se trouvait \u00e0 Taden, pr\u00e8s de Dinan, port fluvial de Fanum Martis. Dans l\u2019anse Solidor on a retrouv\u00e9 une station de pompage d\u2019eau douce (bassins et machinerie de 1500 kg de bois) servant \u00e0 l\u2019approvisionnement les bateaux.<\/p><\/div><\/div>\n<\/div>\n\n<div class=\"fw-row\">\n\t\n<div class=\"fw-col-xs-12 fw-col-sm-4\" style=\"background: \" >\n\t<a href=\"http:\/\/ceraaalet.fr\/wp-content\/uploads\/2025\/11\/Alet-epoque-gallo-romaine.jpg\" target=\"_blank\" ><img loading=\"lazy\" decoding=\"async\" src=\"https:\/\/ceraaalet.fr\/wp-content\/uploads\/2025\/11\/Alet-epoque-gallo-romaine-300x200.jpg\" alt=\"https:\/\/ceraaalet.fr\/wp-content\/uploads\/2025\/11\/Alet-epoque-gallo-romaine-300x200.jpg\" class=\"img-responsive img-radius\" width=\"300\" height=\"200\" \/><\/a><p>Alet au IIIe si\u00e8cle<\/p><\/div>\n\n<div class=\"fw-col-xs-12 fw-col-sm-4\" style=\"background: \" >\n\t<a href=\"http:\/\/ceraaalet.fr\/wp-content\/uploads\/2025\/11\/vue-aerienne-des-bassins-de-la-station-de-pompage.jpg\" target=\"_blank\" ><img loading=\"lazy\" decoding=\"async\" src=\"https:\/\/ceraaalet.fr\/wp-content\/uploads\/2025\/11\/vue-aerienne-des-bassins-de-la-station-de-pompage-300x200.jpg\" alt=\"https:\/\/ceraaalet.fr\/wp-content\/uploads\/2025\/11\/vue-aerienne-des-bassins-de-la-station-de-pompage-300x200.jpg\" class=\"img-responsive img-radius\" width=\"300\" height=\"200\" \/><\/a><p>vue a\u00e9rienne des bassins de la station de pompage<\/p><\/div>\n\n<div class=\"fw-col-xs-12 fw-col-sm-4 no-padding xs-padding-no\" style=\"background: \" >\n\t<a href=\"http:\/\/ceraaalet.fr\/wp-content\/uploads\/2025\/11\/machinerie-compos\u00e9e-de-8-pompes-retrouv\u00e9e-dans-lAnse-Solidor.jpg\" target=\"_blank\" ><img loading=\"lazy\" decoding=\"async\" src=\"https:\/\/ceraaalet.fr\/wp-content\/uploads\/2025\/11\/machinerie-compos\u00e9e-de-8-pompes-retrouv\u00e9e-dans-lAnse-Solidor-300x200.jpg\" alt=\"https:\/\/ceraaalet.fr\/wp-content\/uploads\/2025\/11\/machinerie-compos\u00e9e-de-8-pompes-retrouv\u00e9e-dans-lAnse-Solidor-300x200.jpg\" class=\"img-responsive img-radius\" width=\"300\" height=\"200\" \/><\/a><p>machinerie compos\u00e9e de huit pompes retrouv\u00e9e dans l'Anse Solidor<\/p><\/div>\n<\/div>\n\n<div class=\"fw-row\">\n\t\n<div class=\"fw-col-xs-12\" style=\"background: \" >\n\t<div id=\"ccontenu\"><p class=\"alinea\" style=\"text-align: left;\">Vers 270 ap. J.-C., l\u2019ins\u00e9curit\u00e9 venant de la mer entra\u00eena une r\u00e9activation du promontoire d\u2019Alet, celui-ci ayant gard\u00e9 toutes ses caract\u00e9ristiques d\u00e9fensives. Au lieu de fortifier Fanum Martis, Alet fut ceintur\u00e9 d\u2019un rempart de 1800 m, jalonn\u00e9 de tours, et l\u2019espace enclos fut structur\u00e9 \u00e0 partir de quelques rues. Deux portes y donnaient acc\u00e8s. A l\u2019abri des remparts, l\u2019activit\u00e9 du port Reginca se d\u00e9veloppa.<\/p><\/div><\/div>\n<\/div>\n\n<div class=\"fw-row\">\n\t\n<div class=\"fw-col-xs-12 fw-col-sm-6\" style=\"background: \" >\n\t<img loading=\"lazy\" decoding=\"async\" src=\"https:\/\/ceraaalet.fr\/wp-content\/uploads\/2025\/11\/Portion-de-lenceinte-dAlet-lors-des-fouilles-300x200.jpg\" alt=\"https:\/\/ceraaalet.fr\/wp-content\/uploads\/2025\/11\/Portion-de-lenceinte-dAlet-lors-des-fouilles-300x200.jpg\" class=\"img-responsive img-radius\" width=\"300\" height=\"200\" \/><p>Portion de l'enceinte d'Alet lors des fouilles<\/p><\/div>\n\n<div class=\"fw-col-xs-12 fw-col-sm-6\" style=\"background: \" >\n\t<img loading=\"lazy\" decoding=\"async\" src=\"https:\/\/ceraaalet.fr\/wp-content\/uploads\/2025\/11\/GALLO-ROMAINS-300x200.jpg\" alt=\"https:\/\/ceraaalet.fr\/wp-content\/uploads\/2025\/11\/GALLO-ROMAINS-300x200.jpg\" class=\"img-responsive img-radius\" width=\"300\" height=\"200\" \/><p>Portion de l'enceinte d'Alet subsistant aujourd'hui<\/p><\/div>\n<\/div>\n\n<div class=\"fw-row\">\n\t\n<div class=\"fw-col-xs-12\" style=\"background: \" >\n\t<div id=\"ccontenu\"><p class=\"alinea\" style=\"text-align: left;\">Au milieu du IV\u00e8me si\u00e8cle, un \u00e9v\u00e9nement naturel (la perc\u00e9e du cordon alluvionnaire qui supportait le port d\u2019\u00e9chouage, ci-contre), la mer envahit les anses Solidor et Saint-P\u00e8re. La station de pompage dut \u00eatre abandonn\u00e9e et une n\u00e9cropole \u00e0 inhumation fut envahie par la mer. Par contre le rocher de Solidor acquit une valeur strat\u00e9gique (protection du nouveau port de l\u2019anse Saint-P\u00e8re et de la partie basse des remparts) ; un fort y fut am\u00e9nag\u00e9. La population d\u2019Alet s\u2019accrut. Vers 380 ap. J.-C. le centre de la ville fut d\u00e9truit pour accueillir la principia (quartier g\u00e9n\u00e9ral) d\u2019une troupe de soldats Martenses charg\u00e9s de prot\u00e9ger les c\u00f4tes. La ville fut d\u00e9sert\u00e9e vers 420 ap. J.-C. en corr\u00e9lation avec le d\u00e9part de l\u2019administration romaine.<\/p><\/div><\/div>\n<\/div>\n\n<div class=\"fw-row\">\n\t\n<div class=\"fw-col-xs-12 fw-col-sm-4\" style=\"background: \" >\n\t<a href=\"http:\/\/ceraaalet.fr\/wp-content\/uploads\/2025\/11\/Alet-au-IVe-si\u00e8cle.jpg\" target=\"_blank\" ><img loading=\"lazy\" decoding=\"async\" src=\"https:\/\/ceraaalet.fr\/wp-content\/uploads\/2025\/11\/Alet-au-IVe-si\u00e8cle-300x200.jpg\" alt=\"https:\/\/ceraaalet.fr\/wp-content\/uploads\/2025\/11\/Alet-au-IVe-si\u00e8cle-300x200.jpg\" class=\"img-responsive img-radius\" width=\"300\" height=\"200\" \/><\/a><p>Alet au IVe si\u00e8cle<\/p><\/div>\n\n<div class=\"fw-col-xs-12 fw-col-sm-4\" style=\"background: \" >\n\t<a href=\"http:\/\/ceraaalet.fr\/wp-content\/uploads\/2025\/11\/Vestiges-des-murs-du-fort-gallo-romain-visibles-sur-le-rocher-de-Solidor.jpg\" target=\"_blank\" ><img loading=\"lazy\" decoding=\"async\" src=\"https:\/\/ceraaalet.fr\/wp-content\/uploads\/2025\/11\/Vestiges-des-murs-du-fort-gallo-romain-visibles-sur-le-rocher-de-Solidor-300x200.jpg\" alt=\"https:\/\/ceraaalet.fr\/wp-content\/uploads\/2025\/11\/Vestiges-des-murs-du-fort-gallo-romain-visibles-sur-le-rocher-de-Solidor-300x200.jpg\" class=\"img-responsive img-radius\" width=\"300\" height=\"200\" \/><\/a><p>Vestiges des murs du fort gallo romain visibles sur le rocher de Solidor<\/p><\/div>\n\n<div class=\"fw-col-xs-12 fw-col-sm-4 no-padding xs-padding-no\" style=\"background: \" >\n\t<a href=\"http:\/\/ceraaalet.fr\/wp-content\/uploads\/2025\/11\/restitution-du-plan-du-fort-au-IVe-si\u00e8cle.jpg\" target=\"_self\" ><img loading=\"lazy\" decoding=\"async\" src=\"https:\/\/ceraaalet.fr\/wp-content\/uploads\/2025\/11\/restitution-du-plan-du-fort-au-IVe-si\u00e8cle-300x200.jpg\" alt=\"https:\/\/ceraaalet.fr\/wp-content\/uploads\/2025\/11\/restitution-du-plan-du-fort-au-IVe-si\u00e8cle-300x200.jpg\" class=\"img-responsive img-radius\" width=\"300\" height=\"200\" \/><\/a><p>restitution du plan du fort au IVe si\u00e8cle<\/p><\/div>\n<\/div>\n\n<div class=\"fw-row\">\n\t\n<div class=\"fw-col-xs-12 fw-col-sm-4\" style=\"background: \" >\n\t<a href=\"http:\/\/ceraaalet.fr\/wp-content\/uploads\/2025\/11\/maquette-de-la-principia-construite-au-centre-dAlet-au-IVe-si\u00e8cle.jpg\" target=\"_blank\" ><img loading=\"lazy\" decoding=\"async\" src=\"https:\/\/ceraaalet.fr\/wp-content\/uploads\/2025\/11\/maquette-de-la-principia-construite-au-centre-dAlet-au-IVe-si\u00e8cle-300x200.jpg\" alt=\"https:\/\/ceraaalet.fr\/wp-content\/uploads\/2025\/11\/maquette-de-la-principia-construite-au-centre-dAlet-au-IVe-si\u00e8cle-300x200.jpg\" class=\"img-responsive img-radius\" width=\"300\" height=\"200\" \/><\/a><p>maquette de la principia construite au centre d'Alet au IVe si\u00e8cle<\/p><\/div>\n\n<div class=\"fw-col-xs-12 fw-col-sm-4\" style=\"background: \" >\n\t<a href=\"http:\/\/ceraaalet.fr\/wp-content\/uploads\/2025\/11\/Restitution-du-bouclier-des-soldats-martenses-dapr\u00e8s-les-\u00e9ditions-m\u00e9di\u00e9vales-de-la-Notitia-dignitatum.jpg\" target=\"_blank\" ><img loading=\"lazy\" decoding=\"async\" src=\"https:\/\/ceraaalet.fr\/wp-content\/uploads\/2025\/11\/Restitution-du-bouclier-des-soldats-martenses-dapr\u00e8s-les-\u00e9ditions-m\u00e9di\u00e9vales-de-la-Notitia-dignitatum-300x200.jpg\" alt=\"https:\/\/ceraaalet.fr\/wp-content\/uploads\/2025\/11\/Restitution-du-bouclier-des-soldats-martenses-dapr\u00e8s-les-\u00e9ditions-m\u00e9di\u00e9vales-de-la-Notitia-dignitatum-300x200.jpg\" class=\"img-responsive img-radius\" width=\"300\" height=\"200\" \/><\/a><p>Restitution du bouclier des soldats martenses d'apr\u00e8s les \u00e9ditions m\u00e9di\u00e9vales de la Notitia dignitatum<\/p><\/div>\n<\/div>\n\n\t<\/div>\n<\/div>","protected":false},"excerpt":{"rendered":"La cit\u00e9 d&rsquo;Alet gallo-romaine.La romanisation s\u2019est mat\u00e9rialis\u00e9e administrativement [&hellip;]","protected":false},"author":2,"featured_media":0,"parent":29,"menu_order":0,"comment_status":"closed","ping_status":"closed","template":"","meta":{"footnotes":""},"class_list":["post-68","page","type-page","status-publish","hentry"],"brizy_media":[],"_links":{"self":[{"href":"https:\/\/ceraaalet.fr\/en\/wp-json\/wp\/v2\/pages\/68","targetHints":{"allow":["GET"]}}],"collection":[{"href":"https:\/\/ceraaalet.fr\/en\/wp-json\/wp\/v2\/pages"}],"about":[{"href":"https:\/\/ceraaalet.fr\/en\/wp-json\/wp\/v2\/types\/page"}],"author":[{"embeddable":true,"href":"https:\/\/ceraaalet.fr\/en\/wp-json\/wp\/v2\/users\/2"}],"replies":[{"embeddable":true,"href":"https:\/\/ceraaalet.fr\/en\/wp-json\/wp\/v2\/comments?post=68"}],"version-history":[{"count":6,"href":"https:\/\/ceraaalet.fr\/en\/wp-json\/wp\/v2\/pages\/68\/revisions"}],"predecessor-version":[{"id":1090,"href":"https:\/\/ceraaalet.fr\/en\/wp-json\/wp\/v2\/pages\/68\/revisions\/1090"}],"up":[{"embeddable":true,"href":"https:\/\/ceraaalet.fr\/en\/wp-json\/wp\/v2\/pages\/29"}],"wp:attachment":[{"href":"https:\/\/ceraaalet.fr\/en\/wp-json\/wp\/v2\/media?parent=68"}],"curies":[{"name":"wp","href":"https:\/\/api.w.org\/{rel}","templated":true}]}}