{"id":71,"date":"2017-06-11T17:57:27","date_gmt":"2017-06-11T15:57:27","guid":{"rendered":"http:\/\/ceraaalet.nulien.net\/?page_id=71"},"modified":"2025-11-15T21:30:30","modified_gmt":"2025-11-15T20:30:30","slug":"moyen-age","status":"publish","type":"page","link":"https:\/\/ceraaalet.fr\/en\/cite-dalet\/moyen-age\/","title":{"rendered":"Moyen-\u00c2ge"},"content":{"rendered":"<div class=\"fw-main-row\" style=\"background-color:#fff;\" >\n\t<div style=\"padding-bottom: ;padding-top: \" class=\"fw-container\">\n\t\t<div class=\"fw-row\">\n\t\n<div class=\"fw-col-xs-12\" style=\"background: \" >\n\t<h1 style=\"text-align: center;\">La cit\u00e9 d'Alet au Moyen-\u00c2ge.<\/h1><div id=\"ccontenu\"><p class=\"alinea\">Le site d\u2019Alet devra attendre les immigrations bretonnes du VI\u00e8me s. pour retrouver une forte fr\u00e9quentation humaine. Les plus c\u00e9l\u00e8bres immigrants furent Aaron, Malo, Lunaire, \u00c9nogat, .. Les galeries de la principia militaire furent squatt\u00e9es mais son pr\u00e9toire fut transform\u00e9 en \u00e9glise. Le site portuaire b\u00e9n\u00e9ficia d\u2019un nouveau trafic trans-Manche.<\/p><\/div><\/div>\n<\/div>\n\n<div class=\"fw-row\">\n\t\n<div class=\"fw-col-xs-12\" style=\"background: \" >\n\t<a href=\"http:\/\/ceraaalet.fr\/wp-content\/uploads\/2025\/11\/Le-site-des-cath\u00e9drales-\u00e0-Alet-et-la-succession-des-\u00e9difices.jpg\" target=\"_blank\" ><img loading=\"lazy\" decoding=\"async\" src=\"https:\/\/ceraaalet.fr\/wp-content\/uploads\/2025\/11\/Le-site-des-cath\u00e9drales-\u00e0-Alet-et-la-succession-des-\u00e9difices-300x200.jpg\" alt=\"https:\/\/ceraaalet.fr\/wp-content\/uploads\/2025\/11\/Le-site-des-cath\u00e9drales-\u00e0-Alet-et-la-succession-des-\u00e9difices-300x200.jpg\" class=\"img-responsive img-radius\" width=\"300\" height=\"200\" \/><\/a><p>Le site des cath\u00e9drales \u00e0 Alet et la succession des \u00e9difices<\/p><\/div>\n<\/div>\n\n<div class=\"fw-row\">\n\t\n<div class=\"fw-col-xs-12\" style=\"background: \" >\n\t<div id=\"ccontenu\"><p>A la toute fin du VIII\u00e8me s., Alet fut promu si\u00e8ge d\u2019\u00e9v\u00each\u00e9 avec Helocar comme premier \u00e9v\u00eaque (799-817). Au d\u00e9but du IX\u00e8me s., \u00e0 la suite de l\u2019incendie de la premi\u00e8re \u00e9glise, on construisit une nouvelle \u00e9glise. Malheureusement, \u00e0 partir de 872, malgr\u00e9 ses remparts toujours debout, Alet eut \u00e0 souffrir des incursions des Vikings (nord-man). Il semble qu\u2019Alet fut m\u00eame occup\u00e9 par une troupe dirig\u00e9e par Aquin (ou Incon) durant une trentaine d\u2019ann\u00e9es. Une chanson de geste \u00e9voque cette occupation dont on a retrouv\u00e9 les traces dans le ch\u00e2teau de Solidor. Les normands furent chass\u00e9s de Bretagne en 939 par Alain Barbetorte mais, \u00e0 leur d\u00e9part, la cath\u00e9drale d\u2019Alet \u00e9tait d\u00e9truite. Les listes \u00e9piscopales reprennent au milieu du X\u00e8me s avec Salvator (944-952). Une nouvelle cath\u00e9drale , plus grande et \u00e0 deux absides, fut construite \u00e0 la fin du X\u00e8me s.<\/p><\/div><\/div>\n<\/div>\n\n<div class=\"fw-row\">\n\t\n<div class=\"fw-col-xs-12\" style=\"background: \" >\n\t<img loading=\"lazy\" decoding=\"async\" src=\"https:\/\/ceraaalet.fr\/wp-content\/uploads\/2025\/11\/Vestiges-de-la-cath\u00e9drale-du-Xe-si\u00e8cle-300x200.jpg\" alt=\"https:\/\/ceraaalet.fr\/wp-content\/uploads\/2025\/11\/Vestiges-de-la-cath\u00e9drale-du-Xe-si\u00e8cle-300x200.jpg\" class=\"img-responsive img-radius\" width=\"300\" height=\"200\" \/><p>Vestiges de la cath\u00e9drale du Xe si\u00e8cle<\/p><\/div>\n<\/div>\n\n<div class=\"fw-row\">\n\t\n<div class=\"fw-col-xs-12\" style=\"background: \" >\n\t<div id=\"ccontenu\"><p class=\"alinea\">Alet \u00e9tant difficilement d\u00e9fendable et le port trop petit, l\u2019activit\u00e9 \u00e9conomique migra naturellement vers le rocher Canalchius (\u00eele de Saint-Malo), d\u2019autant que la mont\u00e9e du niveau marin avait nettoy\u00e9 les marais situ\u00e9s \u00e0 l\u2019est de cette \u00eele. Au milieu du XII\u00e8me s., l\u2019\u00e9v\u00eaque Jean de Ch\u00e2tillon transf\u00e9ra son si\u00e8ge d\u2019Alet \u00e0 Saint-Malo. Les habitants d\u2019Alet support\u00e8rent mal ce transfert et cette perte de supr\u00e9matie. Ils se r\u00e9volt\u00e8rent en 1255 mais furent d\u00e9faits par les malouins aid\u00e9s de mercenaires fran\u00e7ais. En repr\u00e9sailles, les remparts furent d\u00e9truits de m\u00eame que la cath\u00e9drale et le ch\u00e2teau de Solidor. Ce fut vraiment la mort d\u2019Alet qui avait connu des heures de gloires aux \u00e9poques gauloise et gallo-romaine et au haut Moyen-\u00c2ge.<\/p><\/div><\/div>\n<\/div>\n\n<div class=\"fw-row\">\n\t\n<div class=\"fw-col-xs-12\" style=\"background: \" >\n\t<img loading=\"lazy\" decoding=\"async\" src=\"https:\/\/ceraaalet.fr\/wp-content\/uploads\/2025\/11\/DAlet-\u00e0-Saint-Malo-vue-a\u00e9rienne-300x200.jpg\" alt=\"https:\/\/ceraaalet.fr\/wp-content\/uploads\/2025\/11\/DAlet-\u00e0-Saint-Malo-vue-a\u00e9rienne-300x200.jpg\" class=\"img-responsive img-radius\" width=\"300\" height=\"200\" \/><p>D'Alet \u00e0 Saint-Malo, vue a\u00e9rienne<\/p><\/div>\n<\/div>\n\n\t<\/div>\n<\/div>","protected":false},"excerpt":{"rendered":"La cit\u00e9 d&rsquo;Alet au Moyen-\u00c2ge.Le site d\u2019Alet devra [&hellip;]","protected":false},"author":2,"featured_media":0,"parent":29,"menu_order":0,"comment_status":"closed","ping_status":"closed","template":"","meta":{"footnotes":""},"class_list":["post-71","page","type-page","status-publish","hentry"],"brizy_media":[],"_links":{"self":[{"href":"https:\/\/ceraaalet.fr\/en\/wp-json\/wp\/v2\/pages\/71","targetHints":{"allow":["GET"]}}],"collection":[{"href":"https:\/\/ceraaalet.fr\/en\/wp-json\/wp\/v2\/pages"}],"about":[{"href":"https:\/\/ceraaalet.fr\/en\/wp-json\/wp\/v2\/types\/page"}],"author":[{"embeddable":true,"href":"https:\/\/ceraaalet.fr\/en\/wp-json\/wp\/v2\/users\/2"}],"replies":[{"embeddable":true,"href":"https:\/\/ceraaalet.fr\/en\/wp-json\/wp\/v2\/comments?post=71"}],"version-history":[{"count":11,"href":"https:\/\/ceraaalet.fr\/en\/wp-json\/wp\/v2\/pages\/71\/revisions"}],"predecessor-version":[{"id":1100,"href":"https:\/\/ceraaalet.fr\/en\/wp-json\/wp\/v2\/pages\/71\/revisions\/1100"}],"up":[{"embeddable":true,"href":"https:\/\/ceraaalet.fr\/en\/wp-json\/wp\/v2\/pages\/29"}],"wp:attachment":[{"href":"https:\/\/ceraaalet.fr\/en\/wp-json\/wp\/v2\/media?parent=71"}],"curies":[{"name":"wp","href":"https:\/\/api.w.org\/{rel}","templated":true}]}}