{"id":74,"date":"2017-06-11T18:00:26","date_gmt":"2017-06-11T16:00:26","guid":{"rendered":"http:\/\/ceraaalet.nulien.net\/?page_id=74"},"modified":"2025-11-15T18:43:16","modified_gmt":"2025-11-15T17:43:16","slug":"publications","status":"publish","type":"page","link":"https:\/\/ceraaalet.fr\/en\/publications\/","title":{"rendered":"Publications"},"content":{"rendered":"<div class=\"fw-main-row\" style=\"background-color:#fff;\" >\n\t<div style=\"padding-bottom: ;padding-top: \" class=\"fw-container\">\n\t\t<div class=\"fw-row\">\n\t\n<div class=\"fw-col-xs-12 fw-col-sm-6\" style=\"background: \" >\n\t<div id=\"ccontenu\"><h2 style=\"text-align: center;\"><a href=\"http:\/\/ceraaalet.fr\/publications\/dossiers-du-ceraa\/\">Les dossiers du Ce.R.A.A.<\/a><\/h2><p class=\"alinea\">Chaque ann\u00e9e, deux volumes de cette revue sp\u00e9cifique du Ce.R.A.A. sont \u00e9dit\u00e9s :<br \/>- un volume monographique traitant d\u2019un th\u00e8me ou d\u2019un site<br \/>(N\u00b0A-1978 \u00e0 N\u00b0AK-2014) (en moyenne 160 pages),<br \/>- un volume pr\u00e9sentant diff\u00e9rents articles sur des \u00e9tudes arriv\u00e9es \u00e0 maturit\u00e9<br \/>(N\u00b01-1973 \u00e0 N\u00b044-2015 (en moyenne 100 pages).<br \/>Ces publications, destin\u00e9es \u00e0 un large public, sont diffus\u00e9es directement par le Ce.R.A.A.<\/p><p class=\"alinea\"><\/div><a href=\"http:\/\/ceraaalet.fr\/publications\/dossiers-du-ceraa\/\" target=\"_self\" ><img decoding=\"async\" src=\"https:\/\/ceraaalet.fr\/wp-content\/uploads\/2025\/11\/les-dossiers-du-ceraa-   200x   300.jpg\" alt=\"https:\/\/ceraaalet.fr\/wp-content\/uploads\/2025\/11\/les-dossiers-du-ceraa-   200x   300.jpg\" class=\"img-responsive img-radius\" width=\"   200\" height=\"   300\" \/><\/a><p>&nbsp;<\/p><p>&nbsp;<\/p><p>&nbsp;<\/p><\/div>\n\n<div class=\"fw-col-xs-12 fw-col-sm-6\" style=\"background: \" >\n\t<h2 style=\"text-align: center;\"><a href=\"http:\/\/ceraaalet.fr\/publications\/volumes-du-pab\/\">Patrimoine Arch\u00e9ologique de Bretagne<\/a><\/h2><p class=\"alinea\">Par ailleurs, le Ce.R.A.A., en co\u00e9dition avec l\u2019Institut Culturel de Bretagne, a publi\u00e9 14 des 28 monographies th\u00e9matiques parues dans cette collection sp\u00e9cialis\u00e9e. L\u2019ensemble des volumes publi\u00e9s concernent la Pr\u00e9histoire (les m\u00e9galithes, l\u2019habitat n\u00e9olithique, l\u2019iconographie ancienne), l\u2019\u00c2ge du Bronze (les tumulus), l\u2019\u00c2ge du Fer (les st\u00e8les), l\u2019\u00e9poque gallo-romaine (les milieux ruraux) ou le Moyen-\u00c2ge (les mottes, les fortifications l\u2019architecture, les s\u00e9pultures) et les \u00eeles (les \u00e9glises, Ouessant).<br \/>Sur les 28 volumes publi\u00e9s de Patrimoine Arch\u00e9ologique de Bretagne (PAB), 24 sont encore disponibles. Le Ce.R.A.A. g\u00e8re leur diffusion par correspondance.<\/p><a href=\"http:\/\/ceraaalet.fr\/publications\/volumes-du-pab\/\" target=\"_self\" ><img loading=\"lazy\" decoding=\"async\" src=\"https:\/\/ceraaalet.fr\/wp-content\/uploads\/2025\/11\/vlume-PAB-200x300.jpg\" alt=\"https:\/\/ceraaalet.fr\/wp-content\/uploads\/2025\/11\/vlume-PAB-200x300.jpg\" class=\"img-responsive img-radius\" width=\"200\" height=\"300\" \/><\/a><p>&nbsp;<\/p><p>&nbsp;<\/p><\/div>\n<\/div>\n\n<div class=\"fw-row\">\n\t\n<div class=\"fw-col-xs-12 fw-col-sm-6\" style=\"background: \" >\n\t<h2 style=\"text-align: center;\"><a href=\"http:\/\/ceraaalet.fr\/publications\/les-travaux-du-laboratoire-danthropologie-de-luniversite-rennes-1\/\">Les Travaux du Laboratoire d\u2019Anthropologie de l\u2019Universit\u00e9 Rennes 1<\/a><\/h2><p class=\"alinea\">Par suite de la disparition du P\u00f4le \u00c9ditorial d\u2019Arch\u00e9ologie de l\u2019Ouest qui existait \u00e0 l\u2019Universit\u00e9 Rennes I jusqu\u2019en d\u00e9cembre 2006, le Ce.R.A.A. diffuse maintenant, en exclusivit\u00e9 les volumes disponibles.<\/p><p>&nbsp;<\/p><p>&nbsp;<\/p><p>&nbsp;<\/p><\/div>\n\n<div class=\"fw-col-xs-12 fw-col-sm-6\" style=\"background: \" >\n\t<h2 style=\"text-align: center;\">Et aussi...<\/h2><table border=\"0\" width=\"577\"><tbody><tr valign=\"top\"><td align=\"En l'\u00e9tat\" valign=\"top\" width=\"280\">On peut se procurer l'ouvrage \"<strong>Histoire d'Erquy<\/strong>\" tome 1 \"Erquy sous l'Ancien R\u00e9gime\" de Jean-Pierre Le Gal La Salle, 614 p. \u00e9dit\u00e9 en 1991. aupr\u00e8s du Ce.R.A.A. au prix de 20 euros<\/td><td align=\"En l'\u00e9tat\" valign=\"top\" width=\"281\"><div align=\"center\"><img loading=\"lazy\" decoding=\"async\" class=\"alignnone size-full wp-image-1055 aligncenter\" src=\"http:\/\/ceraaalet.fr\/wp-content\/uploads\/2025\/11\/histoire-erquy.jpg\" alt=\"\" width=\"181\" height=\"263\" \/><\/div><\/td><\/tr><\/tbody><\/table><p class=\"gras-centre\"><\/div>\n<\/div>\n\n<div class=\"fw-row\">\n\t\n<div class=\"fw-col-xs-12\" style=\"background: \" >\n\t<h2 style=\"text-align: center;\">Pour commander<\/h2><p class=\"alinea\">Toute commande de publications doit \u00eatre adress\u00e9e \u00e0 l\u2019adresse ci-dessous, avec un ch\u00e8que libell\u00e9 \u00e0 l\u2019ordre du Centre R\u00e9gional d\u2019Arch\u00e9ologie d\u2019Alet.<\/p><p>&nbsp;<\/p><p class=\"alinea\">Que ce soit pour Les Dossiers du Ce.R.A.A., la collection Patrimoine Arch\u00e9ologique de Bretagne ou les Travaux du Laboratoire d\u2019Anthropologie, la liste compl\u00e8te des volumes disponibles et leurs contenus ou caract\u00e9ristiques peuvent \u00eatre demand\u00e9s aupr\u00e8s du Ce.R.A.A. ; des d\u00e9pliants publicitaires seront alors envoy\u00e9s.<\/p><\/div>\n<\/div>\n\n\t<\/div>\n<\/div>","protected":false},"excerpt":{"rendered":"Les dossiers du Ce.R.A.A.Chaque ann\u00e9e, deux volumes de [&hellip;]","protected":false},"author":2,"featured_media":0,"parent":0,"menu_order":0,"comment_status":"closed","ping_status":"closed","template":"","meta":{"footnotes":""},"class_list":["post-74","page","type-page","status-publish","hentry"],"brizy_media":[],"_links":{"self":[{"href":"https:\/\/ceraaalet.fr\/en\/wp-json\/wp\/v2\/pages\/74","targetHints":{"allow":["GET"]}}],"collection":[{"href":"https:\/\/ceraaalet.fr\/en\/wp-json\/wp\/v2\/pages"}],"about":[{"href":"https:\/\/ceraaalet.fr\/en\/wp-json\/wp\/v2\/types\/page"}],"author":[{"embeddable":true,"href":"https:\/\/ceraaalet.fr\/en\/wp-json\/wp\/v2\/users\/2"}],"replies":[{"embeddable":true,"href":"https:\/\/ceraaalet.fr\/en\/wp-json\/wp\/v2\/comments?post=74"}],"version-history":[{"count":47,"href":"https:\/\/ceraaalet.fr\/en\/wp-json\/wp\/v2\/pages\/74\/revisions"}],"predecessor-version":[{"id":1058,"href":"https:\/\/ceraaalet.fr\/en\/wp-json\/wp\/v2\/pages\/74\/revisions\/1058"}],"wp:attachment":[{"href":"https:\/\/ceraaalet.fr\/en\/wp-json\/wp\/v2\/media?parent=74"}],"curies":[{"name":"wp","href":"https:\/\/api.w.org\/{rel}","templated":true}]}}