{"id":77,"date":"2017-06-11T18:01:38","date_gmt":"2017-06-11T16:01:38","guid":{"rendered":"http:\/\/ceraaalet.nulien.net\/?page_id=77"},"modified":"2025-11-15T18:57:35","modified_gmt":"2025-11-15T17:57:35","slug":"volumes-du-pab","status":"publish","type":"page","link":"https:\/\/ceraaalet.fr\/en\/publications\/volumes-du-pab\/","title":{"rendered":"Les volumes du PAB"},"content":{"rendered":"<h1 style=\"text-align: center;\">Les Volumes du PAB<\/h1>\n<div id=\"ccontenu\">\n<h2 style=\"text-align: center;\">Patrimoine Arch\u00e9ologique de Bretagne (PAB)<\/h2>\n<p><img loading=\"lazy\" decoding=\"async\" class=\"size-medium wp-image-1060 aligncenter\" src=\"http:\/\/ceraaalet.fr\/wp-content\/uploads\/2025\/11\/volumes-du-PAB-300x80.jpg\" alt=\"\" width=\"300\" height=\"80\" srcset=\"https:\/\/ceraaalet.fr\/wp-content\/uploads\/2025\/11\/volumes-du-PAB-300x80.jpg 300w, https:\/\/ceraaalet.fr\/wp-content\/uploads\/2025\/11\/volumes-du-PAB-768x206.jpg 768w, https:\/\/ceraaalet.fr\/wp-content\/uploads\/2025\/11\/volumes-du-PAB.jpg 918w\" sizes=\"auto, (max-width: 300px) 100vw, 300px\" \/><\/p>\n<p class=\"gras-centre style1\"><span class=\"gras-centre style1\">Volumes disponibles:<\/span><\/p>\n<p class=\"centre\">(prix franco de port)<\/p>\n<ul>\n<li><span class=\"gras\">LA CIVITAS GALLO-ROMAINE DES RIEDONES<\/span> ; le milieu rural<br \/>\nG. Leroux, <span class=\"italique\">1989, Co\u00e9d. ICB-Ce.R.A.A., 59 p. 14 \u20ac<\/span> &#8211; <span class=\"centre\">(prix franco de port)<\/span><\/li>\n<\/ul>\n<p>&nbsp;<\/p>\n<ul>\n<li><span class=\"gras\">LES M\u00c9GALITHES DE L\u2019ARRONDISSEMENT DE LANNION<\/span><br \/>\nA. Marchat et M. Le Brozec, <span class=\"italique\">1991, Co\u00e9d. ICB-ATLA, 102 p. 20 \u20ac<\/span> &#8211; <span class=\"centre\">(prix franco de port)<\/span><\/li>\n<\/ul>\n<p>&nbsp;<\/p>\n<ul>\n<li><span class=\"gras\">L&rsquo;ILE D&rsquo;OUESSANT, DEPUIS LA PR\u00c9HISTOIRE&#8230;<\/span><br \/>\nColl. sous la direction de J.Y. Robic, <span class=\"italique\">1992, Co\u00e9d. ICB-AMARAI, 110 p. 25 \u20ac<\/span> &#8211; <span class=\"centre\">(prix franco de port)<\/span><\/li>\n<\/ul>\n<p>&nbsp;<\/p>\n<ul>\n<li><span class=\"gras\">L&rsquo;ARCHITECTURE PR\u00c9-ROMANE EN BRETAGNE<\/span><br \/>\nP. Guigon, <span class=\"italique\">1993, Co\u00e9d. ICB- ATLA -Ce.R.A.A, 56 p. 14 \u20ac<\/span> &#8211; <span class=\"centre\">(prix franco de port)<\/span><\/li>\n<\/ul>\n<p>&nbsp;<\/p>\n<ul>\n<li><span class=\"gras\">LES MOTTES M\u00c9DI\u00c9VALES DES C\u00d4TES-D&rsquo;ARMOR<\/span><br \/>\nS. Hinguant, <span class=\"italique\">1994, Co\u00e9d. ICB-Ce.R.A.A., 88 p. 19 \u20ac<\/span> &#8211; <span class=\"centre\">(prix franco de port)<\/span><\/li>\n<\/ul>\n<p>&nbsp;<\/p>\n<ul>\n<li><span class=\"gras\">LES TUMULUS DE L&rsquo;\u00c2GE DU BRONZE DES MONTS D&rsquo;ARR\u00c9E<\/span><br \/>\nJ. Briard, M. Le Goffic et Y. Onn\u00e9e, <span class=\"italique\">1994, Co\u00e9d. ICB- ATLA, 96 p. 19 \u20ac<\/span> &#8211; <span class=\"centre\">(prix franco de port)<\/span><\/li>\n<\/ul>\n<p>&nbsp;<\/p>\n<ul>\n<li><span class=\"gras\">LES S\u00c9PULTURES DU HAUT-MOYEN-AGE EN BRETAGNE<\/span><br \/>\nP. Guigon, <span class=\"italique\">1994, Co\u00e9d. ICB- ATLA -Ce.R.A.A., 113 p. 19 \u20ac<\/span> &#8211; <span class=\"centre\">(prix franco de port)<\/span><\/li>\n<\/ul>\n<p>&nbsp;<\/p>\n<ul>\n<li><span class=\"gras\">LES M\u00c9GALITHES DU MORBIHAN INT\u00c9RIEUR<\/span> ; Des landes de Lanvaux au nord du d\u00e9partement<br \/>\nP. Gouezin, <span class=\"italique\">1994, Co\u00e9d. ICB- ATLA, 127 p. 25 \u20ac<\/span> &#8211; <span class=\"centre\">(prix franco de port)<\/span><\/li>\n<\/ul>\n<p>&nbsp;<\/p>\n<ul>\n<li><span class=\"gras\">LES ST\u00c8LES DE L&rsquo;AGE DU FER DANS LE MORBIHAN<\/span> ; Les arrondissements de Lorient et Pontivy<br \/>\nD. Tanguy, <span class=\"italique\">1997, Co\u00e9d. ICB- ATLA, 122 p. 20 \u20ac<\/span> &#8211; <span class=\"centre\">(prix franco de port)<\/span><\/li>\n<\/ul>\n<p>&nbsp;<\/p>\n<ul>\n<li><span class=\"gras\">LES FORTIFICATIONS DU HAUT-MOYEN-\u00c2GE EN BRETAGNE<\/span><br \/>\nP. Guigon, <span class=\"italique\">1997, Co\u00e9d ICB- ATLA -Ce.R.A.A., 106 p. 19 \u20ac<\/span> &#8211; <span class=\"centre\">(prix franco de port)<\/span><\/li>\n<\/ul>\n<p>&nbsp;<\/p>\n<ul>\n<li><span class=\"gras\">LES \u00c9GLISES DES ILES DE BRETAGNE<\/span><br \/>\nN. Molines et P. Guigon, <span class=\"italique\">1997, Co\u00e9d. ICB-AMARAI, 96 p. 23 \u20ac<\/span> &#8211; <span class=\"centre\">(prix franco de port)<\/span><\/li>\n<\/ul>\n<p>&nbsp;<\/p>\n<ul>\n<li><span class=\"gras\">LES ST\u00c8LES DE L&rsquo;\u00c2GE DU FER DES C\u00d4TES-D&rsquo;ARMOR<\/span><br \/>\nM Le Brozec et M.Y. Daire, <span class=\"italique\">1998, Co\u00e9d. ICB-ATLA, 72 p. 19 \u20ac<\/span> &#8211; <span class=\"centre\">(prix franco de port)<\/span><\/li>\n<\/ul>\n<p>&nbsp;<\/p>\n<ul>\n<li><span class=\"gras\">LES ST\u00c8LES DE L\u2019\u00c2GE DU FER DANS LE MORBIHAN<\/span> ; L\u2019arrondissement de Vannes<br \/>\nJ. Lecornec, <span class=\"italique\">1999, Co\u00e9d. ICB-ATLA, 82 p. 19 \u20ac<\/span> &#8211; <span class=\"centre\">(prix franco de port)<\/span><\/li>\n<\/ul>\n<p>&nbsp;<\/p>\n<ul>\n<li><span class=\"gras\">LE MILIEU RURAL DES V\u00c9N\u00c8TES<\/span><br \/>\nCorpus des sites (prospections et fouilles) (V\u00e8 s av. J.-C.-III\u00e8 ap. J.-C.)<br \/>\nP. Naas, <span class=\"italique\">1999, Co\u00e9d. ICB-Ce.R.A.A., 102 p. 23 \u20ac<\/span> &#8211; <span class=\"centre\">(prix franco de port)<\/span><\/li>\n<\/ul>\n<p>&nbsp;<\/p>\n<ul>\n<li><span class=\"gras\">LES TUMULUS ARMORICAINS DU BRONZE ANCIEN<\/span><br \/>\nA. Balquet, <span class=\"italique\">2001, Co\u00e9d. ICB-ATLA, 150 p. 29 \u20ac<\/span> &#8211; <span class=\"centre\">(prix franco de port)<\/span><\/li>\n<\/ul>\n<p>&nbsp;<\/p>\n<ul>\n<li><span class=\"gras\">LES OSSARIA DU MORBIHAN<\/span><br \/>\nJ. Lecornec et C. Saujot-Besnier, <span class=\"italique\">2002, Co\u00e9d. ICB-Ce.R.A.A., 157 p. 25 \u20ac<\/span> &#8211; <span class=\"centre\">(prix franco de port)<\/span><\/li>\n<\/ul>\n<p>&nbsp;<\/p>\n<ul>\n<li><span class=\"gras\">LES HABITATS AU N\u00c9OLITHIQUE EN BRETAGNE<\/span><br \/>\nX. H\u00e9naff,<span class=\"italique\"> 2002, Co\u00e9d. ICB-ATLA, 96 p. 24 \u20ac<\/span> &#8211; <span class=\"centre\">(prix franco de port)<\/span><\/li>\n<\/ul>\n<p>&nbsp;<\/p>\n<ul>\n<li><span class=\"gras\">LES M\u00c9GALITHES D\u2019ILLE-ET-VILAINE<\/span><br \/>\nJ. Briard, L. Langou\u00ebt et Y. Onn\u00e9e, <span class=\"italique\">2004, Co\u00e9d. ICB-Ce.R.A.A., 122 p. 23 \u20ac<\/span> &#8211; <span class=\"centre\">(prix franco de port)<\/span><\/li>\n<\/ul>\n<p>&nbsp;<\/p>\n<ul>\n<li><span class=\"gras\">LES M\u00c9GALITHES DE L\u2019ARRONDISSEMENT DE DINAN<\/span><br \/>\nL. Langou\u00ebt, <span class=\"italique\">2004, Co\u00e9d. ICB-Ce.R.A.A., 62 p. 15 \u20ac<\/span> &#8211; <span class=\"centre\">(prix franco de port)<\/span><\/li>\n<\/ul>\n<p>&nbsp;<\/p>\n<ul>\n<li><span class=\"gras\">LES M\u00c9GALITHES DE L\u2019ARRONDISSEMENT DE SAINT-BRIEUC<\/span><br \/>\nL. Langou\u00ebt, <span class=\"italique\">2005, Co\u00e9d. ICB-Ce.R.A.A., 89 p. 21 \u20ac<\/span> &#8211; <span class=\"centre\">(prix franco de port)<\/span><\/li>\n<\/ul>\n<p>&nbsp;<\/p>\n<ul>\n<li><span class=\"gras\">LES M\u00c9GALITHES DE L\u2019ARRONDISSEMENT DE GUINGAMP<\/span><br \/>\nL. Langou\u00ebt (avec la collaboration de l\u2019ARSSAT), <span class=\"italique\">2006, Co\u00e9d. ICB-Ce.R.A.A., 92 p. 22 \u20ac<\/span> &#8211; <span class=\"centre\">(prix franco de port)<\/span><\/li>\n<\/ul>\n<p>&nbsp;<\/p>\n<ul>\n<li><span class=\"gras\">LES M\u00c9GALITHES DU MORBIHAN LITTORAL<\/span> (au sud des Landes de Lanvaux, de Guidel \u00e0 Quiberon)<br \/>\nP. Gou\u00e9zin, <span class=\"italique\">2007, Co\u00e9d. ICB-Ce.R.A.A., 137 p. 29 \u20ac<\/span> &#8211; <span class=\"centre\">(prix franco de port)<\/span><\/li>\n<\/ul>\n<p>&nbsp;<\/p>\n<ul>\n<li>LES M\u00c9GALITHES DE L&rsquo;ARRONDISSEMENT DE BREST\u00a0 \u00a0<strong>\u00a0 \u00a0 \u00a0 \u00a0 \u00a0 \u00a0 \u00a0 \u00a0 \u00a0 \u00a0 \u00a0 \u00a0 \u00a0 \u00a0 \u00a0 \u00a0 \u00a0 \u00a0 \u00a0 \u00a0 \u00a0 \u00a0 \u00a0 \u00a0 \u00a0 \u00a0 \u00a0 \u00a0 \u00a0 \u00a0 \u00a0 \u00a0 \u00a0 \u00a0 \u00a0 \u00a0 \u00a0 \u00a0 \u00a0 \u00a0 \u00a0 \u00a0 \u00a0<\/strong>Y. Sparfel et Y. Pailler et alii., 290 p. 36<span class=\"italique\">\u20ac<\/span> <span class=\"style6\">(frais d&rsquo;envoi en plus 6 euros)<\/span><\/li>\n<\/ul>\n<p>&nbsp;<\/p>\n<p><img loading=\"lazy\" decoding=\"async\" class=\"size-medium wp-image-1064 aligncenter\" src=\"http:\/\/ceraaalet.fr\/wp-content\/uploads\/2025\/11\/volumes-du-PAB-2-300x95.jpg\" alt=\"\" width=\"300\" height=\"95\" srcset=\"https:\/\/ceraaalet.fr\/wp-content\/uploads\/2025\/11\/volumes-du-PAB-2-300x95.jpg 300w, https:\/\/ceraaalet.fr\/wp-content\/uploads\/2025\/11\/volumes-du-PAB-2.jpg 670w\" sizes=\"auto, (max-width: 300px) 100vw, 300px\" \/><\/p>\n<p>&nbsp;<\/p>\n<ul>\n<li>MEILLEURS SOUVENIRS MEGALITHIQUES DE BRETAGNE\u00a0<strong>\u00a0 \u00a0 \u00a0 \u00a0 \u00a0 \u00a0 \u00a0 \u00a0 \u00a0 \u00a0 \u00a0 \u00a0 \u00a0 \u00a0 \u00a0 \u00a0 \u00a0 \u00a0 \u00a0 \u00a0 \u00a0 \u00a0 \u00a0 \u00a0 \u00a0 \u00a0 \u00a0 \u00a0 \u00a0 \u00a0 \u00a0 \u00a0 \u00a0 \u00a0 \u00a0 \u00a0 \u00a0 \u00a0<\/strong>Lo\u00efc Langou\u00ebt, Jacques Briard avec la collaboration de Marie-Yvane Daire, 84 p. 24 euros <span class=\"style6\">(frais d&rsquo;envoi en plus 5 euros)<\/span><\/li>\n<\/ul>\n<p>&nbsp;<\/p>\n<p><img loading=\"lazy\" decoding=\"async\" class=\"size-medium wp-image-1065 aligncenter\" src=\"http:\/\/ceraaalet.fr\/wp-content\/uploads\/2025\/11\/volumes-du-PAB-3-215x300.jpg\" alt=\"\" width=\"215\" height=\"300\" srcset=\"https:\/\/ceraaalet.fr\/wp-content\/uploads\/2025\/11\/volumes-du-PAB-3-215x300.jpg 215w, https:\/\/ceraaalet.fr\/wp-content\/uploads\/2025\/11\/volumes-du-PAB-3.jpg 256w\" sizes=\"auto, (max-width: 215px) 100vw, 215px\" \/><\/p>\n<\/div>","protected":false},"excerpt":{"rendered":"Les Volumes du PAB Patrimoine Arch\u00e9ologique de Bretagne [&hellip;]","protected":false},"author":2,"featured_media":0,"parent":74,"menu_order":0,"comment_status":"closed","ping_status":"closed","template":"","meta":{"footnotes":""},"class_list":["post-77","page","type-page","status-publish","hentry"],"brizy_media":[],"_links":{"self":[{"href":"https:\/\/ceraaalet.fr\/en\/wp-json\/wp\/v2\/pages\/77","targetHints":{"allow":["GET"]}}],"collection":[{"href":"https:\/\/ceraaalet.fr\/en\/wp-json\/wp\/v2\/pages"}],"about":[{"href":"https:\/\/ceraaalet.fr\/en\/wp-json\/wp\/v2\/types\/page"}],"author":[{"embeddable":true,"href":"https:\/\/ceraaalet.fr\/en\/wp-json\/wp\/v2\/users\/2"}],"replies":[{"embeddable":true,"href":"https:\/\/ceraaalet.fr\/en\/wp-json\/wp\/v2\/comments?post=77"}],"version-history":[{"count":5,"href":"https:\/\/ceraaalet.fr\/en\/wp-json\/wp\/v2\/pages\/77\/revisions"}],"predecessor-version":[{"id":1066,"href":"https:\/\/ceraaalet.fr\/en\/wp-json\/wp\/v2\/pages\/77\/revisions\/1066"}],"up":[{"embeddable":true,"href":"https:\/\/ceraaalet.fr\/en\/wp-json\/wp\/v2\/pages\/74"}],"wp:attachment":[{"href":"https:\/\/ceraaalet.fr\/en\/wp-json\/wp\/v2\/media?parent=77"}],"curies":[{"name":"wp","href":"https:\/\/api.w.org\/{rel}","templated":true}]}}