{"id":796,"date":"2022-04-19T13:03:02","date_gmt":"2022-04-19T11:03:02","guid":{"rendered":"http:\/\/ceraaalet.fr\/?page_id=796"},"modified":"2025-12-05T00:10:28","modified_gmt":"2025-12-04T23:10:28","slug":"cette-annee-au-centre","status":"publish","type":"page","link":"https:\/\/ceraaalet.fr\/en\/cette-annee-au-centre\/","title":{"rendered":"Cette ann\u00e9e au centre"},"content":{"rendered":"<p>L&rsquo;ann\u00e9e 2025 au Ce.R.A.A., cela a \u00e9t\u00e9:<\/p>\n<ul>\n<li>de la recherche<\/li>\n<li>des op\u00e9rations arch\u00e9ologiques<\/li>\n<li>des conf\u00e9rences<\/li>\n<li>des m\u00e9diations<\/li>\n<li>des visites scolaires<\/li>\n<\/ul>\n<p><img loading=\"lazy\" decoding=\"async\" class=\"alignnone size-medium wp-image-1120\" src=\"http:\/\/ceraaalet.fr\/wp-content\/uploads\/2025\/12\/560638151_1234831835329534_7385311388137076100_n-135x300.jpg\" alt=\"\" width=\"135\" height=\"300\" srcset=\"https:\/\/ceraaalet.fr\/wp-content\/uploads\/2025\/12\/560638151_1234831835329534_7385311388137076100_n-135x300.jpg 135w, https:\/\/ceraaalet.fr\/wp-content\/uploads\/2025\/12\/560638151_1234831835329534_7385311388137076100_n-768x1707.jpg 768w, https:\/\/ceraaalet.fr\/wp-content\/uploads\/2025\/12\/560638151_1234831835329534_7385311388137076100_n-461x1024.jpg 461w, https:\/\/ceraaalet.fr\/wp-content\/uploads\/2025\/12\/560638151_1234831835329534_7385311388137076100_n.jpg 900w\" sizes=\"auto, (max-width: 135px) 100vw, 135px\" \/> <img loading=\"lazy\" decoding=\"async\" class=\"alignnone size-medium wp-image-1118\" src=\"http:\/\/ceraaalet.fr\/wp-content\/uploads\/2025\/12\/535807208_1188202989992419_8982804838651180459_n-300x169.jpg\" alt=\"\" width=\"300\" height=\"169\" srcset=\"https:\/\/ceraaalet.fr\/wp-content\/uploads\/2025\/12\/535807208_1188202989992419_8982804838651180459_n-300x169.jpg 300w, https:\/\/ceraaalet.fr\/wp-content\/uploads\/2025\/12\/535807208_1188202989992419_8982804838651180459_n.jpg 630w\" sizes=\"auto, (max-width: 300px) 100vw, 300px\" \/> <img loading=\"lazy\" decoding=\"async\" class=\"alignnone size-medium wp-image-1117\" src=\"http:\/\/ceraaalet.fr\/wp-content\/uploads\/2025\/12\/505675286_1136610778484974_9040328530449290772_n-300x135.jpg\" alt=\"\" width=\"300\" height=\"135\" srcset=\"https:\/\/ceraaalet.fr\/wp-content\/uploads\/2025\/12\/505675286_1136610778484974_9040328530449290772_n-300x135.jpg 300w, https:\/\/ceraaalet.fr\/wp-content\/uploads\/2025\/12\/505675286_1136610778484974_9040328530449290772_n-768x346.jpg 768w, https:\/\/ceraaalet.fr\/wp-content\/uploads\/2025\/12\/505675286_1136610778484974_9040328530449290772_n-1024x461.jpg 1024w\" sizes=\"auto, (max-width: 300px) 100vw, 300px\" \/> <img loading=\"lazy\" decoding=\"async\" class=\"alignnone size-medium wp-image-1115\" src=\"http:\/\/ceraaalet.fr\/wp-content\/uploads\/2025\/12\/IMG-20251013-WA0001-225x300.jpg\" alt=\"\" width=\"225\" height=\"300\" srcset=\"https:\/\/ceraaalet.fr\/wp-content\/uploads\/2025\/12\/IMG-20251013-WA0001-225x300.jpg 225w, https:\/\/ceraaalet.fr\/wp-content\/uploads\/2025\/12\/IMG-20251013-WA0001-768x1024.jpg 768w, https:\/\/ceraaalet.fr\/wp-content\/uploads\/2025\/12\/IMG-20251013-WA0001.jpg 1536w\" sizes=\"auto, (max-width: 225px) 100vw, 225px\" \/> <img loading=\"lazy\" decoding=\"async\" class=\"alignnone size-medium wp-image-1114\" src=\"http:\/\/ceraaalet.fr\/wp-content\/uploads\/2025\/12\/IMG-20251017-WA0092-225x300.jpg\" alt=\"\" width=\"225\" height=\"300\" srcset=\"https:\/\/ceraaalet.fr\/wp-content\/uploads\/2025\/12\/IMG-20251017-WA0092-225x300.jpg 225w, https:\/\/ceraaalet.fr\/wp-content\/uploads\/2025\/12\/IMG-20251017-WA0092-768x1024.jpg 768w, https:\/\/ceraaalet.fr\/wp-content\/uploads\/2025\/12\/IMG-20251017-WA0092.jpg 1200w\" sizes=\"auto, (max-width: 225px) 100vw, 225px\" \/> <img loading=\"lazy\" decoding=\"async\" class=\"alignnone size-medium wp-image-1113\" src=\"http:\/\/ceraaalet.fr\/wp-content\/uploads\/2025\/12\/JEA1-300x225.jpg\" alt=\"\" width=\"300\" height=\"225\" srcset=\"https:\/\/ceraaalet.fr\/wp-content\/uploads\/2025\/12\/JEA1-300x225.jpg 300w, https:\/\/ceraaalet.fr\/wp-content\/uploads\/2025\/12\/JEA1-768x576.jpg 768w, https:\/\/ceraaalet.fr\/wp-content\/uploads\/2025\/12\/JEA1.jpg 960w\" sizes=\"auto, (max-width: 300px) 100vw, 300px\" \/> <img loading=\"lazy\" decoding=\"async\" class=\"alignnone size-medium wp-image-1121\" src=\"http:\/\/ceraaalet.fr\/wp-content\/uploads\/2025\/12\/505105372_1135845391894846_1022491799661117797_n-300x135.jpg\" alt=\"\" width=\"300\" height=\"135\" srcset=\"https:\/\/ceraaalet.fr\/wp-content\/uploads\/2025\/12\/505105372_1135845391894846_1022491799661117797_n-300x135.jpg 300w, https:\/\/ceraaalet.fr\/wp-content\/uploads\/2025\/12\/505105372_1135845391894846_1022491799661117797_n-768x346.jpg 768w, https:\/\/ceraaalet.fr\/wp-content\/uploads\/2025\/12\/505105372_1135845391894846_1022491799661117797_n-1024x461.jpg 1024w\" sizes=\"auto, (max-width: 300px) 100vw, 300px\" \/> <img loading=\"lazy\" decoding=\"async\" class=\"alignnone size-medium wp-image-1119\" src=\"http:\/\/ceraaalet.fr\/wp-content\/uploads\/2025\/12\/563423595_1233996258746425_1636888038089874667_n-300x225.jpg\" alt=\"\" width=\"300\" height=\"225\" srcset=\"https:\/\/ceraaalet.fr\/wp-content\/uploads\/2025\/12\/563423595_1233996258746425_1636888038089874667_n-300x225.jpg 300w, https:\/\/ceraaalet.fr\/wp-content\/uploads\/2025\/12\/563423595_1233996258746425_1636888038089874667_n-768x576.jpg 768w, https:\/\/ceraaalet.fr\/wp-content\/uploads\/2025\/12\/563423595_1233996258746425_1636888038089874667_n-1024x768.jpg 1024w, https:\/\/ceraaalet.fr\/wp-content\/uploads\/2025\/12\/563423595_1233996258746425_1636888038089874667_n.jpg 1600w\" sizes=\"auto, (max-width: 300px) 100vw, 300px\" \/> <img loading=\"lazy\" decoding=\"async\" class=\"alignnone size-medium wp-image-1112\" src=\"http:\/\/ceraaalet.fr\/wp-content\/uploads\/2025\/12\/1000035050-212x300.jpg\" alt=\"\" width=\"212\" height=\"300\" srcset=\"https:\/\/ceraaalet.fr\/wp-content\/uploads\/2025\/12\/1000035050-212x300.jpg 212w, https:\/\/ceraaalet.fr\/wp-content\/uploads\/2025\/12\/1000035050-768x1086.jpg 768w, https:\/\/ceraaalet.fr\/wp-content\/uploads\/2025\/12\/1000035050-724x1024.jpg 724w, https:\/\/ceraaalet.fr\/wp-content\/uploads\/2025\/12\/1000035050.jpg 1131w\" sizes=\"auto, (max-width: 212px) 100vw, 212px\" \/><\/p>\n<p>&nbsp;<\/p>","protected":false},"excerpt":{"rendered":"L&rsquo;ann\u00e9e 2025 au Ce.R.A.A., cela a \u00e9t\u00e9: de [&hellip;]","protected":false},"author":3,"featured_media":0,"parent":0,"menu_order":0,"comment_status":"closed","ping_status":"closed","template":"","meta":{"footnotes":""},"class_list":["post-796","page","type-page","status-publish","hentry"],"brizy_media":[],"_links":{"self":[{"href":"https:\/\/ceraaalet.fr\/en\/wp-json\/wp\/v2\/pages\/796","targetHints":{"allow":["GET"]}}],"collection":[{"href":"https:\/\/ceraaalet.fr\/en\/wp-json\/wp\/v2\/pages"}],"about":[{"href":"https:\/\/ceraaalet.fr\/en\/wp-json\/wp\/v2\/types\/page"}],"author":[{"embeddable":true,"href":"https:\/\/ceraaalet.fr\/en\/wp-json\/wp\/v2\/users\/3"}],"replies":[{"embeddable":true,"href":"https:\/\/ceraaalet.fr\/en\/wp-json\/wp\/v2\/comments?post=796"}],"version-history":[{"count":4,"href":"https:\/\/ceraaalet.fr\/en\/wp-json\/wp\/v2\/pages\/796\/revisions"}],"predecessor-version":[{"id":1125,"href":"https:\/\/ceraaalet.fr\/en\/wp-json\/wp\/v2\/pages\/796\/revisions\/1125"}],"wp:attachment":[{"href":"https:\/\/ceraaalet.fr\/en\/wp-json\/wp\/v2\/media?parent=796"}],"curies":[{"name":"wp","href":"https:\/\/api.w.org\/{rel}","templated":true}]}}