{"id":83,"date":"2017-06-11T18:03:46","date_gmt":"2017-06-11T16:03:46","guid":{"rendered":"http:\/\/ceraaalet.nulien.net\/?page_id=83"},"modified":"2018-06-09T17:10:35","modified_gmt":"2018-06-09T15:10:35","slug":"expositions","status":"publish","type":"page","link":"https:\/\/ceraaalet.fr\/en\/animationsmediations\/expositions\/","title":{"rendered":"Expositions"},"content":{"rendered":"<h1 style=\"text-align: center;\">Expositions<\/h1>\n<div id=\"ccontenu\">\n<p class=\"alinea\">Le Ce.R.A.A. g\u00e8re la circulation de plusieurs expositions itin\u00e9rantes qui s\u2019appuient sur ses recherches. Les panneaux (en g\u00e9n\u00e9ral 125 cm sur 80 cm) sont en PVC expans\u00e9, plastifi\u00e9 et class\u00e9 au feu.<\/p>\n<p class=\"alinea\">Il s\u2019agit d\u2019expositions itin\u00e9rantes con\u00e7ues et g\u00e9r\u00e9es par le Centre R\u00e9gional d\u2019Arch\u00e9ologie d\u2019Alet (Ce.R.A.A.). Elles sont disponibles et peuvent \u00eatre lou\u00e9es pour des prix modiques ; l\u2019enl\u00e8vement et le rapatriement se font dans les locaux malouins du Ce.R.A.A., les transports \u00e9tant \u00e0 la charge de l\u2019emprunteur. La plupart des expositions se composent de panneaux faciles \u00e0 transporter dans une grande voiture.<\/p>\n<p>&nbsp;<\/p>\n<hr align=\"center\" width=\"400\" \/>\n<table border=\"0\" width=\"90%\" align=\"center\">\n<tbody>\n<tr valign=\"top\">\n<td width=\"100%\">\n<h2 style=\"text-align: center;\">ALET Une cit\u00e9 rena\u00eet par le travail des arch\u00e9ologues<\/h2>\n<h2 style=\"text-align: center;\"><img loading=\"lazy\" decoding=\"async\" src=\"http:\/\/ceraaalet.free.fr\/image\/affiche2.jpg\" alt=\"\" width=\"136\" height=\"200\" \/><\/h2>\n<p class=\"alinea\">Elle a \u00e9t\u00e9 con\u00e7ue par le Ce.R.A.A. et le Mus\u00e9e de Bretagne avec l\u2019aide de la DGRST. Elle pr\u00e9sente, d\u2019une part, les techniques scientifiques mise en \u0153uvre dans les fouilles d\u2019Alet, d\u2019autre part, l\u2019histoire, reconstitu\u00e9e par ces recherches, de la Cit\u00e9 d\u2019Alet, le berceau antique de Saint-Malo. Elle est maintenant g\u00e9r\u00e9e par le Ce.R.A.A.<\/p>\n<p class=\"alinea\">C\u2019est une exposition plus lourde puisque les panneaux, pourvus de pieds et assemblables entre eux, sont le plus souvent des vitrines contenant des objets arch\u00e9ologiques. Des maquettes viennent en compl\u00e9ment des panneaux.<\/p>\n<p class=\"alinea\">Elle comprend fondamentalement une trentaine de panneaux (hauteur = 2 m , largeur =\u00a01,2\u00a0m, profondeur variable).<\/p>\n<p>&nbsp;<\/p>\n<p><span class=\"gras\">Co\u00fbt de location de l\u2019exposition :<\/span><br \/>\n200 \u20ac par semaine et 30 \u20ac par jour suppl\u00e9mentaire.<\/p>\n<p><span class=\"gras\">Mat\u00e9riels facultatifs d\u2019accompagnement :<\/span><br \/>\naffiches A2 (2 \u20ac) , le N\u00b0 S des Dossiers du Ce.R.A.A. (La Cit\u00e9 d\u2019Alet) (prix public 15 \u20ac) et un fascicule sur Alet (prix public 2 \u20ac) (remise de 30 % faite \u00e0 l\u2019emprunteur pour les volumes vendus).<\/td>\n<\/tr>\n<\/tbody>\n<\/table>\n<hr align=\"center\" width=\"400\" \/>\n<table border=\"0\" width=\"90%\" align=\"center\">\n<tbody>\n<tr valign=\"top\">\n<td width=\"100%\" height=\"498\">\n<h2 style=\"text-align: center;\">Meilleurs souvenirs m\u00e9galithiques de Bretagne<\/h2>\n<h2 style=\"text-align: center;\"><img loading=\"lazy\" decoding=\"async\" src=\"http:\/\/ceraaalet.free.fr\/image\/affiche6.jpg\" alt=\"\" width=\"144\" height=\"200\" border=\"1\" \/><\/h2>\n<p class=\"alinea\">Cette exposition a \u00e9t\u00e9 r\u00e9alis\u00e9e conjointement par le Ce.R.A.A. et la Laboratoire d\u2019Anthropologie de l\u2019Universit\u00e9 Rennes I (UMR 6566). Elle r\u00e9pond \u00e0 deux sujets d\u2019int\u00e9r\u00eat du grand public : les cartes postales anciennes et les monuments m\u00e9galithiques de Bretagne (cinq d\u00e9partements).<\/p>\n<p class=\"alinea\">Elle comprend :<br \/>\n&#8211; 27 panneaux (125 cm sur 80 cm) en PVC expans\u00e9, plastifi\u00e9s (150 cartes postales y figurent \u00e0 c\u00f4t\u00e9 de plans, de graphiques et de photographies r\u00e9centes ;<br \/>\n&#8211; un ensemble de visualisation comprenant un grand poste de t\u00e9l\u00e9vision et un lecteur de 5 disques CD image (plus de 400 cartes postales \u00abm\u00e9galithiques\u00bb.<\/p>\n<p>&nbsp;<\/p>\n<p><strong>Co\u00fbt de location des 27 panneaux :<\/strong><br \/>\n120 \u20ac par semaine et 20 \u20ac par jour suppl\u00e9mentaire.<\/p>\n<p class=\"gras\">Co\u00fbt de location (facultatif) de l\u2019ensemble visuel (t\u00e9l\u00e9viseur + lecteur de CD +\u00a05\u00a0CD)\u00a0:<\/p>\n<p>20 \u20ac par jour. Une caution de 500 \u20ac est demand\u00e9 lors de la prise en charge de cet ensemble visuel.<\/p>\n<p>Mat\u00e9riels facultatifs disponibles d\u2019accompagnement : affiches A2 (2 \u20ac) et fascicule de 8 pages \u00a0(0,5\u00a0\u20ac).<\/td>\n<\/tr>\n<\/tbody>\n<\/table>\n<hr align=\"center\" width=\"400\" \/>\n<table border=\"0\" width=\"90%\" align=\"center\">\n<tbody>\n<tr valign=\"top\">\n<td width=\"100%\" height=\"484\">\n<h2 style=\"text-align: center;\">Le sel Gaulois<br \/>\nBouilleurs de sel en Armorique \u00e0 l&rsquo;\u00c2ge du Fer<\/h2>\n<h2 style=\"text-align: center;\"><img loading=\"lazy\" decoding=\"async\" src=\"http:\/\/ceraaalet.free.fr\/image\/affiche4.jpg\" alt=\"\" width=\"132\" height=\"200\" \/><\/h2>\n<p class=\"alinea\">Cette exposition a \u00e9t\u00e9 r\u00e9alis\u00e9e par le Ce.R.A.A., le CNRS et l\u2019Association Manche-Atlantique pour la Recherche Arch\u00e9ologique dans les Iles (A.M.A.R.A.I.). Elle fait le point sur la fabrication ignig\u00e8ne du sel dans l\u2019Antiquit\u00e9 ; des comparaisons ethno-arch\u00e9ologiques (Niger et Nouvelle-Guin\u00e9e) et chronologiques (le sel aujourd\u2019hui) donnent une ouverture g\u00e9n\u00e9rale et mondiale \u00e0 l\u2019exposition.<\/p>\n<p class=\"alinea\">Elle comprend :<br \/>\n&#8211; 23 panneaux (125 cm sur 80 cm) en PVC expans\u00e9, plastifi\u00e9 ;<br \/>\n&#8211; 2 maquettes d\u2019ateliers de briquetages (l\u2019Aupini\u00e8re, en Hirel, et Landrellec en Pleumeur-Bodou).<\/p>\n<p>&nbsp;<\/p>\n<p><span class=\"gras\">Co\u00fbt de location des 23 panneaux et des 2 maquettes :<\/span><br \/>\n120 \u20ac par semaine et 20 \u20ac par jour suppl\u00e9mentaire.<\/p>\n<p><span class=\"gras\">Mat\u00e9riels facultatifs disponibles d\u2019accompagnement :<\/span><br \/>\naffiches A2 (2 \u20ac) et fascicule A8 de 8 pages (0,5 \u20ac).<\/td>\n<\/tr>\n<\/tbody>\n<\/table>\n<hr align=\"center\" width=\"400\" \/>\n<table border=\"0\" width=\"90%\" align=\"center\">\n<tbody>\n<tr valign=\"top\">\n<td width=\"100%\">\n<h2 style=\"text-align: center;\">ARCH\u00c9OPUB<\/h2>\n<h2 style=\"text-align: center;\">L&rsquo;Arch\u00e9ologie dans la publicit\u00e9<\/h2>\n<h2 style=\"text-align: center;\"><img loading=\"lazy\" decoding=\"async\" class=\"alignnone size-medium wp-image-548\" src=\"http:\/\/ceraaalet.fr\/wp-content\/uploads\/2018\/06\/2018-06-02-14.51.03-Copie-206x300.jpg\" alt=\"\" width=\"206\" height=\"300\" srcset=\"https:\/\/ceraaalet.fr\/wp-content\/uploads\/2018\/06\/2018-06-02-14.51.03-Copie-206x300.jpg 206w, https:\/\/ceraaalet.fr\/wp-content\/uploads\/2018\/06\/2018-06-02-14.51.03-Copie-768x1116.jpg 768w, https:\/\/ceraaalet.fr\/wp-content\/uploads\/2018\/06\/2018-06-02-14.51.03-Copie-704x1024.jpg 704w, https:\/\/ceraaalet.fr\/wp-content\/uploads\/2018\/06\/2018-06-02-14.51.03-Copie.jpg 1481w\" sizes=\"auto, (max-width: 206px) 100vw, 206px\" \/><\/h2>\n<p class=\"alinea\">Elle a \u00e9t\u00e9 con\u00e7ue par le Ce.R.A.A. et le Mus\u00e9e de Bretagne avec l\u2019aide de la DGRST. Elle pr\u00e9sente, d\u2019une part, les techniques scientifiques mise en \u0153uvre dans les fouilles d\u2019Alet, d\u2019autre part, l\u2019histoire, reconstitu\u00e9e par ces recherches, de la Cit\u00e9 d\u2019Alet, le berceau antique de Saint-Malo. Elle est maintenant g\u00e9r\u00e9e par le Ce.R.A.A.<\/p>\n<p class=\"alinea\">C\u2019est une exposition plus lourde puisque les panneaux, pourvus de pieds et assemblables entre eux, sont le plus souvent des vitrines contenant des objets arch\u00e9ologiques. Des maquettes viennent en compl\u00e9ment des panneaux.<\/p>\n<p class=\"alinea\">Elle comprend fondamentalement une trentaine de panneaux (hauteur = 2 m , largeur = 1,2 m, profondeur variable).<\/p>\n<p>&nbsp;<\/p>\n<p><span class=\"gras\">Co\u00fbt de location de l\u2019exposition :<\/span><br \/>\n200 \u20ac par semaine et 30 \u20ac par jour suppl\u00e9mentaire.<\/p>\n<p><span class=\"gras\">Mat\u00e9riels facultatifs d\u2019accompagnement :<\/span><br \/>\naffiches A2 (2 \u20ac) , le N\u00b0 S des Dossiers du Ce.R.A.A. (La Cit\u00e9 d\u2019Alet) (prix public 15 \u20ac) et un fascicule sur Alet (prix public 2 \u20ac) (remise de 30 % faite \u00e0 l\u2019emprunteur pour les volumes vendus).<\/td>\n<\/tr>\n<\/tbody>\n<\/table>\n<hr align=\"center\" width=\"400\" \/>\n<table border=\"0\" width=\"90%\" align=\"center\">\n<tbody>\n<tr valign=\"top\">\n<td width=\"100%\" height=\"525\">\n<h2 style=\"text-align: center;\">Ch\u00e2teaux de terre, ch\u00e2teau de bois<\/h2>\n<h2 style=\"text-align: center;\">Les mottes au Moyen-\u00c2ge en Bretagne<\/h2>\n<h2 style=\"text-align: center;\"><img loading=\"lazy\" decoding=\"async\" class=\"alignnone size-medium wp-image-549\" src=\"http:\/\/ceraaalet.fr\/wp-content\/uploads\/2018\/06\/2018-06-02-14.52.52-Copie-205x300.jpg\" alt=\"\" width=\"205\" height=\"300\" srcset=\"https:\/\/ceraaalet.fr\/wp-content\/uploads\/2018\/06\/2018-06-02-14.52.52-Copie-205x300.jpg 205w, https:\/\/ceraaalet.fr\/wp-content\/uploads\/2018\/06\/2018-06-02-14.52.52-Copie-768x1121.jpg 768w, https:\/\/ceraaalet.fr\/wp-content\/uploads\/2018\/06\/2018-06-02-14.52.52-Copie-701x1024.jpg 701w, https:\/\/ceraaalet.fr\/wp-content\/uploads\/2018\/06\/2018-06-02-14.52.52-Copie.jpg 1665w\" sizes=\"auto, (max-width: 205px) 100vw, 205px\" \/><\/h2>\n<p class=\"alinea\">Elle a \u00e9t\u00e9 r\u00e9alis\u00e9e par le Ce.R.A.A. avec la collaboration de nombreux chercheurs s\u2019int\u00e9ressant \u00e0 ce type de monument (XI\u00e8me-XIII\u00e8me si\u00e8cles) ; elle a b\u00e9n\u00e9fici\u00e9 de l\u2019aide de la Fondation Langlois et de l\u2019Institut Culturel de Bretagne. Elle a \u00e9t\u00e9 con\u00e7ue pour r\u00e9pondre \u00e0 l\u2019interrogation du grand public sur ce type de fortification tr\u00e8s fr\u00e9quent en Bretagne.<\/p>\n<p class=\"alinea\">Elle comprend :<br \/>\n&#8211; 27 panneaux (125 cm sur 80 cm) en PVC expans\u00e9, plastifi\u00e9 et class\u00e9 au feu ;<br \/>\n&#8211; 2 maquettes (une motte dans son \u00e9tat actuel, une motte du XI\u00e8me si\u00e8cle reconstitu\u00e9e).<\/p>\n<p>&nbsp;<\/p>\n<p><span class=\"gras\">Co\u00fbt de location des 27 panneaux et des deux maquettes :<\/span><br \/>\n120 \u20ac par semaine et 20 \u20ac par jour suppl\u00e9mentaire.<\/p>\n<p><span class=\"gras\">Mat\u00e9riels facultatifs disponibles d\u2019accompagnement :<\/span><br \/>\naffiches A2 (2 \u20ac) et trois volumes de la collection Patrimoine Arch\u00e9ologique de Bretagne pr\u00e9sentant les mottes de l\u2019Ille-et-Vilaine, des C\u00f4tes-d\u2019Armor et du Finist\u00e8re (remise de 30 % faite \u00e0 l\u2019emprunteur pour les volumes vendus).<\/p>\n<p>&nbsp;<\/p>\n<div align=\"center\"><span class=\"centre\"><img loading=\"lazy\" decoding=\"async\" src=\"http:\/\/ceraaalet.free.fr\/image\/34-maquettemotte.jpg\" alt=\"Maquette d'une motte f\u00e9odale accompagnant l'exposition r\u00e9alisation V. Wyart (cl. Bizien) . \" width=\"300\" height=\"199\" border=\"1\" \/><\/span><\/div>\n<\/td>\n<\/tr>\n<\/tbody>\n<\/table>\n<hr align=\"center\" width=\"400\" \/>\n<table border=\"0\" width=\"90%\" align=\"center\">\n<tbody>\n<tr valign=\"top\">\n<td width=\"100%\">\n<h2 style=\"text-align: center;\">Le Pass\u00e9 vu du ciel<\/h2>\n<h2 style=\"text-align: center;\">Les r\u00e9v\u00e9lations arch\u00e9ologiques de la s\u00e9cheresse de 1989 dans le nord de la Haute-Bretagne<\/h2>\n<h2 style=\"text-align: center;\"><img loading=\"lazy\" decoding=\"async\" src=\"http:\/\/ceraaalet.free.fr\/image\/affiche1.jpg\" alt=\"\" width=\"142\" height=\"200\" \/><\/h2>\n<p class=\"alinea\">Elle a \u00e9t\u00e9 con\u00e7ue par le Ce.R.A.A. avec les aides financi\u00e8res de Minist\u00e8re de la Culture, de la Fondation EDF, de l\u2019Institut Culturel de Bretagne et du Conseil G\u00e9n\u00e9ral d\u2019Ille-et-Vilaine. Elle pr\u00e9sente au grand public les ph\u00e9nom\u00e8nes en jeu (m\u00e9t\u00e9orologie, cultures, etc) et les d\u00e9couvertes arch\u00e9ologiques depuis la baie de Saint-Brieuc jusqu\u2019\u00e0 l\u2019Avranchin, d\u2019une part, entre le littoral nord et H\u00e9d\u00e9, d\u2019autre part.<\/p>\n<p class=\"alinea\">Elle comprend :<br \/>\n&#8211; 27 panneaux (140 cm sur 90 cm) en PVC expans\u00e9, plastifi\u00e9 et class\u00e9 au feu.<\/p>\n<p><span class=\"gras\">Co\u00fbt de location des 27 panneaux et des deux maquettes :<\/span><br \/>\n100 \u20ac par semaine et 15 \u20ac par jour suppl\u00e9mentaire.<\/p>\n<p><span class=\"gras\">Mat\u00e9riels facultatifs d\u2019accompagnement :<\/span><br \/>\naffiches A2 (2 \u20ac) et un volume (N\u00b0) des Dossiers du Ce.R.A.A. (Le pass\u00e9 vu d\u2019avion) (remise de 30 % faite \u00e0 l\u2019emprunteur pour les volumes vendus).<\/td>\n<\/tr>\n<\/tbody>\n<\/table>\n<\/div>","protected":false},"excerpt":{"rendered":"Expositions Le Ce.R.A.A. g\u00e8re la circulation de plusieurs [&hellip;]","protected":false},"author":2,"featured_media":0,"parent":185,"menu_order":0,"comment_status":"closed","ping_status":"closed","template":"","meta":{"footnotes":""},"class_list":["post-83","page","type-page","status-publish","hentry"],"brizy_media":[],"_links":{"self":[{"href":"https:\/\/ceraaalet.fr\/en\/wp-json\/wp\/v2\/pages\/83","targetHints":{"allow":["GET"]}}],"collection":[{"href":"https:\/\/ceraaalet.fr\/en\/wp-json\/wp\/v2\/pages"}],"about":[{"href":"https:\/\/ceraaalet.fr\/en\/wp-json\/wp\/v2\/types\/page"}],"author":[{"embeddable":true,"href":"https:\/\/ceraaalet.fr\/en\/wp-json\/wp\/v2\/users\/2"}],"replies":[{"embeddable":true,"href":"https:\/\/ceraaalet.fr\/en\/wp-json\/wp\/v2\/comments?post=83"}],"version-history":[{"count":7,"href":"https:\/\/ceraaalet.fr\/en\/wp-json\/wp\/v2\/pages\/83\/revisions"}],"predecessor-version":[{"id":761,"href":"https:\/\/ceraaalet.fr\/en\/wp-json\/wp\/v2\/pages\/83\/revisions\/761"}],"up":[{"embeddable":true,"href":"https:\/\/ceraaalet.fr\/en\/wp-json\/wp\/v2\/pages\/185"}],"wp:attachment":[{"href":"https:\/\/ceraaalet.fr\/en\/wp-json\/wp\/v2\/media?parent=83"}],"curies":[{"name":"wp","href":"https:\/\/api.w.org\/{rel}","templated":true}]}}