{"id":85,"date":"2017-06-11T18:04:16","date_gmt":"2017-06-11T16:04:16","guid":{"rendered":"http:\/\/ceraaalet.nulien.net\/?page_id=85"},"modified":"2025-11-15T12:08:21","modified_gmt":"2025-11-15T11:08:21","slug":"bibliotheque","status":"publish","type":"page","link":"https:\/\/ceraaalet.fr\/en\/bibliotheque\/","title":{"rendered":"Biblioth\u00e8que"},"content":{"rendered":"<h1 style=\"text-align: center;\">Biblioth\u00e8que<\/h1>\n<div id=\"ccontenu\">\n<p class=\"alinea\">Le Ce.R.A.A. dispose d\u2019une biblioth\u00e8que sp\u00e9cialis\u00e9e en arch\u00e9ologie (330 revues d\u2019arch\u00e9ologie de France et d\u2019Europe et plus de 1300 livres).<\/p>\n<p class=\"alinea\">Elle est ouverte au public tous les 2e et dernier mercredis de chaque mois et vous \u00eates accueillis par Yann.<\/p>\n<p class=\"alinea\">Il est possible d\u2019emprunter deux ouvrages au maximum pour quinze jours.<\/p>\n<p class=\"alinea\">Une modeste adh\u00e9sion est n\u00e9cessaire pour y avoir acc\u00e8s.<\/p>\n<p class=\"alinea\">Un fonds documentaire communal, contenant des renseignements sur tous les sites connus dans le nord de la Haute-Bretagne, peut \u00eatre consult\u00e9 sur rendez-vous.<\/p>\n<p>&nbsp;<\/p>\n<p class=\"centre\"><img loading=\"lazy\" decoding=\"async\" class=\"size-medium wp-image-1046 aligncenter\" src=\"http:\/\/ceraaalet.fr\/wp-content\/uploads\/2025\/11\/biblioth\u00e8que-300x203.jpg\" alt=\"\" width=\"300\" height=\"203\" srcset=\"https:\/\/ceraaalet.fr\/wp-content\/uploads\/2025\/11\/biblioth\u00e8que-300x203.jpg 300w, https:\/\/ceraaalet.fr\/wp-content\/uploads\/2025\/11\/biblioth\u00e8que.jpg 373w\" sizes=\"auto, (max-width: 300px) 100vw, 300px\" \/><\/p>\n<h2 style=\"text-align: center;\">Principales revues consultables dans la Biblioth\u00e8que du Ce.R.A.A.<\/h2>\n<ul>\n<li>Dossiers du Ce.R.A.A.<\/li>\n<li>Annales de Bretagne<\/li>\n<li>Annales de la Soci\u00e9t\u00e9 d\u2019Histoire et d\u2019Arch\u00e9ologie de Saint-Malo<\/li>\n<li>Arch\u00e9ologie M\u00e9di\u00e9vale<\/li>\n<li>Le Rouget de Dol<\/li>\n<li>Bulletin de la Soci\u00e9t\u00e9 Polymathique du Morbihan<\/li>\n<li>M\u00e9moires de la Soci\u00e9t\u00e9 d\u2019Arch\u00e9ologie d\u2019Ille-et-Vilaine<\/li>\n<li>Bulletin de la Soci\u00e9t\u00e9 Arch\u00e9ologique et Historique de l\u2019Orl\u00e9annais<\/li>\n<li>Bulletin de la Soci\u00e9t\u00e9 Lorientaise d\u2019Arch\u00e9ologie<\/li>\n<li>Centre d\u2019Etudes For\u00e9ziennes<\/li>\n<li>Bulletin Arch\u00e9ologique du Vexin Fran\u00e7ais<\/li>\n<li>Antiquit\u00e9s Nationales<\/li>\n<li>Arch\u00e9ologie en Bretagne<\/li>\n<li>Gallia<\/li>\n<li>Cahiers d\u2019Arch\u00e9ologie Subaquatique<\/li>\n<li>Archeologia<\/li>\n<li>Les Dossiers de l\u2019Arch\u00e9ologie<\/li>\n<li>\u00c9cole Antique de N\u00eemes<\/li>\n<li>Bulletin de la Commission D\u00e9partementales des Monuments Historiques (59)<\/li>\n<li>British Archaeological Reports (B.A.R.)<\/li>\n<li>Centre de Recherches sur les techniques Gr\u00e9co-romaines (Dijon)<\/li>\n<li>Notes et monographies du C.R.A.<\/li>\n<li>Bulletin de la Soci\u00e9t\u00e9 d\u2019Histoire et d\u2019Arch\u00e9ologie de Bretagne<\/li>\n<li>Publications du C.R.B.C. (Brest)<\/li>\n<li>Soci\u00e9t\u00e9 Jersiaise<\/li>\n<li>Institut Pr\u00e9historique et Arch\u00e9ologique des Alpes-Maritimes<\/li>\n<li>Bulletin de la Soci\u00e9t\u00e9 Scientifique de Bretagne<\/li>\n<li>Dossiers du Patrimoine (Qu\u00e9bec)<\/li>\n<li>Groupe de Recherches et d\u2019\u00c9tudes sur la c\u00e9ramique du Beauvaisis<\/li>\n<li>Cahiers de l\u2019A.R.A.L.O. (Languedoc)<\/li>\n<li>Groupe Arch\u00e9ologique de Seine-et-Marne<\/li>\n<li>Archaeologia Cambresis (Wales)<\/li>\n<li>Bulletin de Jonzac<\/li>\n<li>Histoire et Traditions de la Gasp\u00e9sie<\/li>\n<li>Soci\u00e9t\u00e9 Arch\u00e9ologique d\u2019Eure-et-Loir<\/li>\n<li>International Journal of Nautical Archaeology (1976-1985)<\/li>\n<li>Revue Dromoise<\/li>\n<li>Bulletin of Institute of Archaeology (London)<\/li>\n<li>Revue Arch\u00e9ologique de Picardie<\/li>\n<li>Revue du Nord<\/li>\n<li>Journal of Archaeological Science<\/li>\n<li>Bulletin de la Soci\u00e9t\u00e9 des Antiquaires de Picardie<\/li>\n<li>Soci\u00e9t\u00e9 Guernesiaise<\/li>\n<li>Figlina<\/li>\n<li>L\u2019Information Arch\u00e9ologique<\/li>\n<li>Travaux du Laboratoire d\u2019Anthropologie (Universit\u00e9 Rennes 1)<\/li>\n<li>\u00c9tudes Pr\u00e9historiques et Protohistoriques des Pays-de-La-Loire<\/li>\n<li>Post-Mediaval Archaeology<\/li>\n<li>Bulletin de la Soci\u00e9t\u00e9 d\u2019\u00c9mulation des C\u00f4tes-d\u2019Armor<\/li>\n<\/ul>\n<\/div>","protected":false},"excerpt":{"rendered":"Biblioth\u00e8que Le Ce.R.A.A. dispose d\u2019une biblioth\u00e8que sp\u00e9cialis\u00e9e en [&hellip;]","protected":false},"author":2,"featured_media":0,"parent":0,"menu_order":0,"comment_status":"closed","ping_status":"closed","template":"","meta":{"footnotes":""},"class_list":["post-85","page","type-page","status-publish","hentry"],"brizy_media":[],"_links":{"self":[{"href":"https:\/\/ceraaalet.fr\/en\/wp-json\/wp\/v2\/pages\/85","targetHints":{"allow":["GET"]}}],"collection":[{"href":"https:\/\/ceraaalet.fr\/en\/wp-json\/wp\/v2\/pages"}],"about":[{"href":"https:\/\/ceraaalet.fr\/en\/wp-json\/wp\/v2\/types\/page"}],"author":[{"embeddable":true,"href":"https:\/\/ceraaalet.fr\/en\/wp-json\/wp\/v2\/users\/2"}],"replies":[{"embeddable":true,"href":"https:\/\/ceraaalet.fr\/en\/wp-json\/wp\/v2\/comments?post=85"}],"version-history":[{"count":4,"href":"https:\/\/ceraaalet.fr\/en\/wp-json\/wp\/v2\/pages\/85\/revisions"}],"predecessor-version":[{"id":1047,"href":"https:\/\/ceraaalet.fr\/en\/wp-json\/wp\/v2\/pages\/85\/revisions\/1047"}],"wp:attachment":[{"href":"https:\/\/ceraaalet.fr\/en\/wp-json\/wp\/v2\/media?parent=85"}],"curies":[{"name":"wp","href":"https:\/\/api.w.org\/{rel}","templated":true}]}}