{"id":87,"date":"2017-06-11T18:04:54","date_gmt":"2017-06-11T16:04:54","guid":{"rendered":"http:\/\/ceraaalet.nulien.net\/?page_id=87"},"modified":"2025-07-13T23:40:03","modified_gmt":"2025-07-13T21:40:03","slug":"conferences","status":"publish","type":"page","link":"https:\/\/ceraaalet.fr\/en\/animationsmediations\/conferences\/","title":{"rendered":"Conf\u00e9rences"},"content":{"rendered":"<h1 style=\"text-align: center;\">Conf\u00e9rences<\/h1>\n<div id=\"ccontenu\">\n<p class=\"alinea\">\u00a0<strong>* Le Ce.R.A.A. assure des visites guid\u00e9es de la Cit\u00e9 d\u2019Alet pour des groupes.<\/strong><\/p>\n<p class=\"alinea\">Pour les organiser, il faut contacter la directrice Catherine Bizien-Jaglin au 02 99 82 63 73 ou <a href=\"alet.archeologie@orange.fr\">par mail.<\/a><\/p>\n<p class=\"alinea\">\u00a0 <strong>* Le CeR.A.A. assure des interventions en milieu scolaire sur diff\u00e9rents th\u00e8mes :<\/strong><br \/>\n&#8212; La Cit\u00e9 d\u2019Alet,<br \/>\n&#8212; La fortification \u00e0 travers les \u00e2ges,<br \/>\n&#8212; La c\u00e9ramique de l\u2019\u00e9poque gallo-romaine \u00e0 nos jours,<br \/>\n&#8212; Le sel \u00e0 travers le temps,<br \/>\n&#8212; Les traces de la Pr\u00e9histoire dans la r\u00e9gion malouine,<br \/>\n&#8212; L\u2019histoire de Saint-Malo au travers de son urbanisation,<br \/>\n&#8212; Le commerce et les \u00e9changes \u00e0 travers le temps,<br \/>\n&#8212; l\u2019alimentation au fil du temps,<br \/>\n&#8212; Les d\u00e9fenses c\u00f4ti\u00e8res de la r\u00e9gion malouine \u00e0 travers les \u00e2ges,<br \/>\n&#8212; L\u2019Arch\u00e9ologie et la mer, etc\u2026.<\/p>\n<p class=\"alinea\">Contact : Catherine Bizien-Jaglin, Directrice du Ce.R.A.A.<\/p>\n<p class=\"alinea\"><strong>\u00a0* Le Ce.R.A.A. assure le programme des conf\u00e9rences et excursions de la section \u00abArch\u00e9ologie\u00bb de l\u2019Universit\u00e9 du Temps Libre de Saint-Malo.<\/strong><\/p>\n<p class=\"alinea\">Les \u00e9tudiants sont accueillis les jeudi apr\u00e8s-midi dans la salle de conf\u00e9rences du Ce.R.A.A.<\/p>\n<p class=\"alinea\">\u00a0<strong>* Le Ce.R.A.A. accueille aussi des stagiaires scolaires ou universitaires.<\/strong><\/p>\n<p class=\"alinea\"><span class=\"centre\"><img loading=\"lazy\" decoding=\"async\" class=\"aligncenter\" src=\"http:\/\/ceraaalet.free.fr\/images\/IMG_6961.JPG\" alt=\"Classe de CM2 r\u00e9alisant des maquettes en sable sur la plage \u00e0 l'issue d'une s\u00e9rie d'intervention sur le th\u00e8me de l'histoire des fortifications. \" width=\"300\" height=\"199\" \/><\/span><\/p>\n<table border=\"0\" width=\"100%\" cellspacing=\"0\" cellpadding=\"0\">\n<tbody>\n<tr>\n<td>\n<div align=\"center\"><span class=\"centre\"><img loading=\"lazy\" decoding=\"async\" src=\"http:\/\/ceraaalet.free.fr\/images\/IMG_6985.JPG\" alt=\"R\u00e9alisation des \u00e9l\u00e8ves : une motte f\u00e9odale.\" width=\"300\" height=\"199\" \/><\/span><\/div>\n<\/td>\n<td>\n<div align=\"center\"><span class=\"centre\"><img loading=\"lazy\" decoding=\"async\" src=\"http:\/\/ceraaalet.free.fr\/images\/IMG_6995.JPG\" alt=\"R\u00e9alisation des \u00e9l\u00e8ves : un \u00e9peron barr\u00e9 protohistorique. \" width=\"300\" height=\"199\" \/><\/span><\/div>\n<\/td>\n<\/tr>\n<\/tbody>\n<\/table>\n<\/div>\n<div class=\"brz-root__container\"><\/div>","protected":false},"excerpt":{"rendered":"Conf\u00e9rences \u00a0* Le Ce.R.A.A. assure des visites guid\u00e9es [&hellip;]","protected":false},"author":2,"featured_media":0,"parent":185,"menu_order":0,"comment_status":"closed","ping_status":"closed","template":"brizy-blank-template.php","meta":{"footnotes":""},"class_list":["post-87","page","type-page","status-publish","hentry"],"brizy_media":[],"_links":{"self":[{"href":"https:\/\/ceraaalet.fr\/en\/wp-json\/wp\/v2\/pages\/87","targetHints":{"allow":["GET"]}}],"collection":[{"href":"https:\/\/ceraaalet.fr\/en\/wp-json\/wp\/v2\/pages"}],"about":[{"href":"https:\/\/ceraaalet.fr\/en\/wp-json\/wp\/v2\/types\/page"}],"author":[{"embeddable":true,"href":"https:\/\/ceraaalet.fr\/en\/wp-json\/wp\/v2\/users\/2"}],"replies":[{"embeddable":true,"href":"https:\/\/ceraaalet.fr\/en\/wp-json\/wp\/v2\/comments?post=87"}],"version-history":[{"count":15,"href":"https:\/\/ceraaalet.fr\/en\/wp-json\/wp\/v2\/pages\/87\/revisions"}],"predecessor-version":[{"id":1017,"href":"https:\/\/ceraaalet.fr\/en\/wp-json\/wp\/v2\/pages\/87\/revisions\/1017"}],"up":[{"embeddable":true,"href":"https:\/\/ceraaalet.fr\/en\/wp-json\/wp\/v2\/pages\/185"}],"wp:attachment":[{"href":"https:\/\/ceraaalet.fr\/en\/wp-json\/wp\/v2\/media?parent=87"}],"curies":[{"name":"wp","href":"https:\/\/api.w.org\/{rel}","templated":true}]}}