{"id":91,"date":"2017-06-11T18:05:45","date_gmt":"2017-06-11T16:05:45","guid":{"rendered":"http:\/\/ceraaalet.nulien.net\/?page_id=91"},"modified":"2025-11-15T12:18:11","modified_gmt":"2025-11-15T11:18:11","slug":"liens","status":"publish","type":"page","link":"https:\/\/ceraaalet.fr\/en\/le-cer-a-a\/liens\/","title":{"rendered":"Liens"},"content":{"rendered":"<h1 style=\"text-align: center;\">Liens<\/h1>\n<div id=\"ccontenu\">\n<h2>Sites amis<\/h2>\n<\/div>\n<p><a href=\"http:\/\/www.sehag.fr\/\" target=\"_blank\" rel=\"noopener noreferrer\">Soci\u00e9t\u00e9 d&rsquo;Etudes Historiques et Arch\u00e9ologiques du Go\u00eblo &#8211; SEHAG<\/a><\/p>\n<p><a href=\"http:\/\/www.l2p22.fr\/\" target=\"_blank\" rel=\"noopener noreferrer\">Langu\u00e9dias, Patrimoine en Poudouvre- L2P<\/a><\/p>\n<p><a href=\"https:\/\/alert-archeo.org\/\" target=\"_blank\" rel=\"noopener noreferrer\">Arch\u00e9ologie, littoral Et R\u00e9chauffement Terrestre &#8211; Alert\u00a0<\/a><\/p>\n<p>&nbsp;<\/p>\n<div id=\"ccontenu\">\n<h2>Autres sites<\/h2>\n<p class=\"alinea\">Texte \u00e0 venir<\/p>\n<\/div>","protected":false},"excerpt":{"rendered":"Liens Sites amis Soci\u00e9t\u00e9 d&rsquo;Etudes Historiques et Arch\u00e9ologiques [&hellip;]","protected":false},"author":2,"featured_media":0,"parent":200,"menu_order":0,"comment_status":"closed","ping_status":"closed","template":"","meta":{"footnotes":""},"class_list":["post-91","page","type-page","status-publish","hentry"],"brizy_media":[],"_links":{"self":[{"href":"https:\/\/ceraaalet.fr\/en\/wp-json\/wp\/v2\/pages\/91","targetHints":{"allow":["GET"]}}],"collection":[{"href":"https:\/\/ceraaalet.fr\/en\/wp-json\/wp\/v2\/pages"}],"about":[{"href":"https:\/\/ceraaalet.fr\/en\/wp-json\/wp\/v2\/types\/page"}],"author":[{"embeddable":true,"href":"https:\/\/ceraaalet.fr\/en\/wp-json\/wp\/v2\/users\/2"}],"replies":[{"embeddable":true,"href":"https:\/\/ceraaalet.fr\/en\/wp-json\/wp\/v2\/comments?post=91"}],"version-history":[{"count":11,"href":"https:\/\/ceraaalet.fr\/en\/wp-json\/wp\/v2\/pages\/91\/revisions"}],"predecessor-version":[{"id":1052,"href":"https:\/\/ceraaalet.fr\/en\/wp-json\/wp\/v2\/pages\/91\/revisions\/1052"}],"up":[{"embeddable":true,"href":"https:\/\/ceraaalet.fr\/en\/wp-json\/wp\/v2\/pages\/200"}],"wp:attachment":[{"href":"https:\/\/ceraaalet.fr\/en\/wp-json\/wp\/v2\/media?parent=91"}],"curies":[{"name":"wp","href":"https:\/\/api.w.org\/{rel}","templated":true}]}}